{"id":867,"date":"2026-01-09T11:17:39","date_gmt":"2026-01-09T11:17:39","guid":{"rendered":"https:\/\/plantillasweb.eu\/?page_id=867"},"modified":"2026-01-09T11:25:12","modified_gmt":"2026-01-09T11:25:12","slug":"plantilla-maite-duarte","status":"publish","type":"page","link":"https:\/\/plantillasweb.eu\/index.php\/plantilla-maite-duarte\/","title":{"rendered":"Plantilla Maite servicio"},"content":{"rendered":"\t\t<div data-elementor-type=\"wp-page\" data-elementor-id=\"867\" class=\"elementor elementor-867\" data-elementor-post-type=\"page\">\n\t\t\t\t<div class=\"elementor-element elementor-element-140edfd e-con-full e-flex e-con e-parent\" data-id=\"140edfd\" data-element_type=\"container\">\n\t\t<div class=\"elementor-element elementor-element-ce5e477 e-con-full e-flex e-con e-child\" data-id=\"ce5e477\" data-element_type=\"container\" data-settings=\"{&quot;background_background&quot;:&quot;classic&quot;}\">\n\t\t\t\t<div class=\"elementor-element elementor-element-2ff53f0 elementor-align-center elementor-widget elementor-widget-button\" data-id=\"2ff53f0\" data-element_type=\"widget\" data-widget_type=\"button.default\">\n\t\t\t\t\t\t\t\t\t\t<a class=\"elementor-button elementor-button-link elementor-size-sm\" href=\"https:\/\/eljardindedana.com\/inicio\/\">\n\t\t\t\t\t\t<span class=\"elementor-button-content-wrapper\">\n\t\t\t\t\t\t<span class=\"elementor-button-icon\">\n\t\t\t\t<svg aria-hidden=\"true\" class=\"e-font-icon-svg e-fas-home\" viewBox=\"0 0 576 512\" xmlns=\"http:\/\/www.w3.org\/2000\/svg\"><path d=\"M280.37 148.26L96 300.11V464a16 16 0 0 0 16 16l112.06-.29a16 16 0 0 0 15.92-16V368a16 16 0 0 1 16-16h64a16 16 0 0 1 16 16v95.64a16 16 0 0 0 16 16.05L464 480a16 16 0 0 0 16-16V300L295.67 148.26a12.19 12.19 0 0 0-15.3 0zM571.6 251.47L488 182.56V44.05a12 12 0 0 0-12-12h-56a12 12 0 0 0-12 12v72.61L318.47 43a48 48 0 0 0-61 0L4.34 251.47a12 12 0 0 0-1.6 16.9l25.5 31A12 12 0 0 0 45.15 301l235.22-193.74a12.19 12.19 0 0 1 15.3 0L530.9 301a12 12 0 0 0 16.9-1.6l25.5-31a12 12 0 0 0-1.7-16.93z\"><\/path><\/svg>\t\t\t<\/span>\n\t\t\t\t\t\t\t\t\t<span class=\"elementor-button-text\">Inicio<\/span>\n\t\t\t\t\t<\/span>\n\t\t\t\t\t<\/a>\n\t\t\t\t\t\t\t\t<\/div>\n\t\t<div class=\"elementor-element elementor-element-9a9f48f e-flex e-con-boxed e-con e-child\" data-id=\"9a9f48f\" data-element_type=\"container\" data-settings=\"{&quot;background_background&quot;:&quot;classic&quot;}\">\n\t\t\t\t\t<div class=\"e-con-inner\">\n\t\t\t\t\t<\/div>\n\t\t\t\t<\/div>\n\t\t\t\t<\/div>\n\t\t\t\t<\/div>\n\t\t<div class=\"elementor-element elementor-element-00f46d9 e-con-full e-flex e-con e-parent\" data-id=\"00f46d9\" data-element_type=\"container\">\n\t\t<div class=\"elementor-element elementor-element-701f5d7 e-flex e-con-boxed e-con e-child\" data-id=\"701f5d7\" data-element_type=\"container\" data-settings=\"{&quot;background_background&quot;:&quot;classic&quot;}\">\n\t\t\t\t\t<div class=\"e-con-inner\">\n\t\t\t\t<div class=\"elementor-element elementor-element-b62ed61 elementor-widget elementor-widget-heading\" data-id=\"b62ed61\" data-element_type=\"widget\" data-widget_type=\"heading.default\">\n\t\t\t\t\t<h1 class=\"elementor-heading-title elementor-size-default\">SERVICIOS<\/h1>\t\t\t\t<\/div>\n\t\t\t\t\t<\/div>\n\t\t\t\t<\/div>\n\t\t\t\t<\/div>\n\t\t<div class=\"elementor-element elementor-element-7e52677 e-con-full e-flex e-con e-parent\" data-id=\"7e52677\" data-element_type=\"container\">\n\t\t<div class=\"elementor-element elementor-element-f28bb4e e-flex e-con-boxed e-con e-child\" data-id=\"f28bb4e\" data-element_type=\"container\" data-settings=\"{&quot;background_background&quot;:&quot;gradient&quot;}\">\n\t\t\t\t\t<div class=\"e-con-inner\">\n\t\t\t\t<div class=\"elementor-element elementor-element-e170f9d elementor-widget elementor-widget-heading\" data-id=\"e170f9d\" data-element_type=\"widget\" data-widget_type=\"heading.default\">\n\t\t\t\t\t<h2 class=\"elementor-heading-title elementor-size-default\">Acompa\u00f1amiento integral en el duelo animal<\/h2>\t\t\t\t<\/div>\n\t\t\t\t<div class=\"elementor-element elementor-element-e120bde elementor-widget elementor-widget-text-editor\" data-id=\"e120bde\" data-element_type=\"widget\" data-widget_type=\"text-editor.default\">\n\t\t\t\t\t\t\t\t\t<p>El duelo por la p\u00e9rdida de un animal es \u00fanico y profundamente personal. En <strong>El Jard\u00edn de Dana<\/strong>, abordamos todas las facetas de este proceso, ofreciendo un espacio seguro y respetuoso para cada necesidad.<\/p><p><span style=\"text-decoration: underline;\">Te ofrezco un espacio en el que puedes:<\/span><\/p><ul><li><strong>Hablar sin miedo al juicio<\/strong><\/li><\/ul><p>Escuchar\u00e9 tu historia con atenci\u00f3n y respeto, reconociendo la importancia de tu v\u00ednculo.<\/p><ul><li><strong>Validar tus emociones<\/strong><\/li><\/ul><p>\u00a0Aqu\u00ed, tu dolor ser\u00e1 reconocido y valorado, no minimizado.<\/p><ul><li><strong>Explorar nuevas formas de conexi\u00f3n<\/strong><\/li><\/ul><p>Te ayudar\u00e9 a honrar la memoria de tu animal y a sentir su presencia desde una perspectiva amorosa y sanadora.<\/p><p>Cada proceso es diferente, y mi acompa\u00f1amiento se adaptar\u00e1 a tus necesidades, sean las que sean.<\/p><p><strong>Trabajo todo tipo de duelo animal, incluyendo:<\/strong><\/p><ul><li><strong>P\u00e9rdida por muerte natural o eutanasia:<\/strong> acompa\u00f1amiento para integrar el duelo con amor y gratitud.<\/li><li><strong>P\u00e9rdida repentina o traum\u00e1tica:<\/strong> herramientas para procesar emociones intensas como shock, culpa o impotencia.<\/li><li><strong>Separaci\u00f3n por circunstancias externas:<\/strong> como mudanzas, adopciones forzadas, separaciones o situaciones que hayan generado una ruptura del v\u00ednculo como puede ser una desaparici\u00f3n.<\/li><li><strong>Duelos anticipados:<\/strong> preparaci\u00f3n emocional para quienes se enfrentan a la inminente despedida de su animal.<\/li><li><strong>Duelos acumulativos:<\/strong> trabajo de p\u00e9rdidas anteriores que no han sido procesadas y resurgen con cualquier altibajo emocional.<\/li><\/ul><p style=\"text-align: center;\">Juntos, transitaremos este camino para que puedas afrontar e integrar la experiencia con el coraz\u00f3n en paz.<\/p>\t\t\t\t\t\t\t\t<\/div>\n\t\t\t\t<div class=\"elementor-element elementor-element-1690182 animated-slow elementor-invisible elementor-widget elementor-widget-image\" data-id=\"1690182\" data-element_type=\"widget\" data-settings=\"{&quot;_animation&quot;:&quot;fadeIn&quot;}\" data-widget_type=\"image.default\">\n\t\t\t\t\t\t\t\t\t\t\t\t\t\t\t<img decoding=\"async\" width=\"300\" height=\"87\" src=\"https:\/\/plantillasweb.eu\/wp-content\/uploads\/2026\/01\/9-e1738569840121-300x87.png\" class=\"attachment-medium size-medium wp-image-871\" alt=\"\" srcset=\"https:\/\/plantillasweb.eu\/wp-content\/uploads\/2026\/01\/9-e1738569840121-300x87.png 300w, https:\/\/plantillasweb.eu\/wp-content\/uploads\/2026\/01\/9-e1738569840121-1024x295.png 1024w, https:\/\/plantillasweb.eu\/wp-content\/uploads\/2026\/01\/9-e1738569840121-768x221.png 768w, https:\/\/plantillasweb.eu\/wp-content\/uploads\/2026\/01\/9-e1738569840121-1536x443.png 1536w, https:\/\/plantillasweb.eu\/wp-content\/uploads\/2026\/01\/9-e1738569840121.png 1550w\" sizes=\"(max-width: 300px) 100vw, 300px\" \/>\t\t\t\t\t\t\t\t\t\t\t\t\t\t\t<\/div>\n\t\t\t\t\t<\/div>\n\t\t\t\t<\/div>\n\t\t\t\t<\/div>\n\t\t<div class=\"elementor-element elementor-element-49663d7 e-con-full e-flex e-con e-parent\" data-id=\"49663d7\" data-element_type=\"container\" data-settings=\"{&quot;background_background&quot;:&quot;classic&quot;}\">\n\t\t<div class=\"elementor-element elementor-element-dc3e1db e-flex e-con-boxed e-con e-child\" data-id=\"dc3e1db\" data-element_type=\"container\" data-settings=\"{&quot;background_background&quot;:&quot;gradient&quot;}\">\n\t\t\t\t\t<div class=\"e-con-inner\">\n\t\t\t\t<div class=\"elementor-element elementor-element-2456136 elementor-widget elementor-widget-heading\" data-id=\"2456136\" data-element_type=\"widget\" data-widget_type=\"heading.default\">\n\t\t\t\t\t<h2 class=\"elementor-heading-title elementor-size-default\">Tarifas y modalidades<\/h2>\t\t\t\t<\/div>\n\t\t<div class=\"elementor-element elementor-element-1e902dc e-grid e-con-full e-con e-child\" data-id=\"1e902dc\" data-element_type=\"container\" data-settings=\"{&quot;background_background&quot;:&quot;classic&quot;}\">\n\t\t<div class=\"elementor-element elementor-element-cbe2d3e e-con-full e-flex e-con e-child\" data-id=\"cbe2d3e\" data-element_type=\"container\" data-settings=\"{&quot;background_background&quot;:&quot;classic&quot;}\">\n\t\t\t\t<div class=\"elementor-element elementor-element-b863c8d elementor-widget elementor-widget-heading\" data-id=\"b863c8d\" data-element_type=\"widget\" data-widget_type=\"heading.default\">\n\t\t\t\t\t<h3 class=\"elementor-heading-title elementor-size-default\"><u>Consulta individual<\/u><\/h3>\t\t\t\t<\/div>\n\t\t\t\t<div class=\"elementor-element elementor-element-6307822 elementor-align-left elementor-icon-list--layout-traditional elementor-list-item-link-full_width elementor-widget elementor-widget-icon-list\" data-id=\"6307822\" data-element_type=\"widget\" data-widget_type=\"icon-list.default\">\n\t\t\t\t\t\t\t<ul class=\"elementor-icon-list-items\">\n\t\t\t\t\t\t\t<li class=\"elementor-icon-list-item\">\n\t\t\t\t\t\t\t\t\t\t\t<span class=\"elementor-icon-list-icon\">\n\t\t\t\t\t\t\t<svg aria-hidden=\"true\" class=\"e-font-icon-svg e-fas-check\" viewBox=\"0 0 512 512\" xmlns=\"http:\/\/www.w3.org\/2000\/svg\"><path d=\"M173.898 439.404l-166.4-166.4c-9.997-9.997-9.997-26.206 0-36.204l36.203-36.204c9.997-9.998 26.207-9.998 36.204 0L192 312.69 432.095 72.596c9.997-9.997 26.207-9.997 36.204 0l36.203 36.204c9.997 9.997 9.997 26.206 0 36.204l-294.4 294.401c-9.998 9.997-26.207 9.997-36.204-.001z\"><\/path><\/svg>\t\t\t\t\t\t<\/span>\n\t\t\t\t\t\t\t\t\t\t<span class=\"elementor-icon-list-text\"><b>Duraci\u00f3n: <\/b>1 hora.<\/span>\n\t\t\t\t\t\t\t\t\t<\/li>\n\t\t\t\t\t\t\t\t<li class=\"elementor-icon-list-item\">\n\t\t\t\t\t\t\t\t\t\t\t<span class=\"elementor-icon-list-icon\">\n\t\t\t\t\t\t\t<svg aria-hidden=\"true\" class=\"e-font-icon-svg e-fas-paw\" viewBox=\"0 0 512 512\" xmlns=\"http:\/\/www.w3.org\/2000\/svg\"><path d=\"M256 224c-79.41 0-192 122.76-192 200.25 0 34.9 26.81 55.75 71.74 55.75 48.84 0 81.09-25.08 120.26-25.08 39.51 0 71.85 25.08 120.26 25.08 44.93 0 71.74-20.85 71.74-55.75C448 346.76 335.41 224 256 224zm-147.28-12.61c-10.4-34.65-42.44-57.09-71.56-50.13-29.12 6.96-44.29 40.69-33.89 75.34 10.4 34.65 42.44 57.09 71.56 50.13 29.12-6.96 44.29-40.69 33.89-75.34zm84.72-20.78c30.94-8.14 46.42-49.94 34.58-93.36s-46.52-72.01-77.46-63.87-46.42 49.94-34.58 93.36c11.84 43.42 46.53 72.02 77.46 63.87zm281.39-29.34c-29.12-6.96-61.15 15.48-71.56 50.13-10.4 34.65 4.77 68.38 33.89 75.34 29.12 6.96 61.15-15.48 71.56-50.13 10.4-34.65-4.77-68.38-33.89-75.34zm-156.27 29.34c30.94 8.14 65.62-20.45 77.46-63.87 11.84-43.42-3.64-85.21-34.58-93.36s-65.62 20.45-77.46 63.87c-11.84 43.42 3.64 85.22 34.58 93.36z\"><\/path><\/svg>\t\t\t\t\t\t<\/span>\n\t\t\t\t\t\t\t\t\t\t<span class=\"elementor-icon-list-text\"><b>Modalidad: <\/b>online <\/span>\n\t\t\t\t\t\t\t\t\t<\/li>\n\t\t\t\t\t\t\t\t<li class=\"elementor-icon-list-item\">\n\t\t\t\t\t\t\t\t\t\t\t<span class=\"elementor-icon-list-icon\">\n\t\t\t\t\t\t\t<svg aria-hidden=\"true\" class=\"e-font-icon-svg e-fas-rainbow\" viewBox=\"0 0 576 512\" xmlns=\"http:\/\/www.w3.org\/2000\/svg\"><path d=\"M268.3 32.7C115.4 42.9 0 176.9 0 330.2V464c0 8.8 7.2 16 16 16h32c8.8 0 16-7.2 16-16V320C64 186.8 180.9 80.3 317.5 97.9 430.4 112.4 512 214 512 327.8V464c0 8.8 7.2 16 16 16h32c8.8 0 16-7.2 16-16V320c0-165.3-140-298.6-307.7-287.3zm-5.6 96.9C166 142 96 229.1 96 326.7V464c0 8.8 7.2 16 16 16h32c8.8 0 16-7.2 16-16V320c0-74.8 64.5-134.8 140.8-127.4 66.5 6.5 115.2 66.2 115.2 133.1V464c0 8.8 7.2 16 16 16h32c8.8 0 16-7.2 16-16V320c0-114.2-100.2-205.4-217.3-190.4zm6.2 96.3c-45.6 8.9-76.9 51.5-76.9 97.9V464c0 8.8 7.2 16 16 16h32c8.8 0 16-7.2 16-16V320c0-17.6 14.3-32 32-32s32 14.4 32 32v144c0 8.8 7.2 16 16 16h32c8.8 0 16-7.2 16-16V320c0-59.2-53.8-106-115.1-94.1z\"><\/path><\/svg>\t\t\t\t\t\t<\/span>\n\t\t\t\t\t\t\t\t\t\t<span class=\"elementor-icon-list-text\"><b>Coste:<\/b> 50 \u20ac.<\/span>\n\t\t\t\t\t\t\t\t\t<\/li>\n\t\t\t\t\t\t<\/ul>\n\t\t\t\t\t\t<\/div>\n\t\t\t\t<div class=\"elementor-element elementor-element-2adf7fe elementor-widget elementor-widget-text-editor\" data-id=\"2adf7fe\" data-element_type=\"widget\" data-widget_type=\"text-editor.default\">\n\t\t\t\t\t\t\t\t\t<p>Esta sesi\u00f3n est\u00e1 dise\u00f1ada para ofrecerte apoyo personalizado, adaptado a tus necesidades emocionales y a tu situaci\u00f3n espec\u00edfica.<\/p>\t\t\t\t\t\t\t\t<\/div>\n\t\t\t\t<\/div>\n\t\t<div class=\"elementor-element elementor-element-931a07b e-con-full e-flex e-con e-child\" data-id=\"931a07b\" data-element_type=\"container\" data-settings=\"{&quot;background_background&quot;:&quot;classic&quot;}\">\n\t\t\t\t<div class=\"elementor-element elementor-element-8fe1066 elementor-widget elementor-widget-heading\" data-id=\"8fe1066\" data-element_type=\"widget\" data-widget_type=\"heading.default\">\n\t\t\t\t\t<h3 class=\"elementor-heading-title elementor-size-default\"><u>Bono 2 sesiones<\/u><\/h3>\t\t\t\t<\/div>\n\t\t\t\t<div class=\"elementor-element elementor-element-5882013 elementor-align-left elementor-icon-list--layout-traditional elementor-list-item-link-full_width elementor-widget elementor-widget-icon-list\" data-id=\"5882013\" data-element_type=\"widget\" data-widget_type=\"icon-list.default\">\n\t\t\t\t\t\t\t<ul class=\"elementor-icon-list-items\">\n\t\t\t\t\t\t\t<li class=\"elementor-icon-list-item\">\n\t\t\t\t\t\t\t\t\t\t\t<span class=\"elementor-icon-list-icon\">\n\t\t\t\t\t\t\t<svg aria-hidden=\"true\" class=\"e-font-icon-svg e-fas-check\" viewBox=\"0 0 512 512\" xmlns=\"http:\/\/www.w3.org\/2000\/svg\"><path d=\"M173.898 439.404l-166.4-166.4c-9.997-9.997-9.997-26.206 0-36.204l36.203-36.204c9.997-9.998 26.207-9.998 36.204 0L192 312.69 432.095 72.596c9.997-9.997 26.207-9.997 36.204 0l36.203 36.204c9.997 9.997 9.997 26.206 0 36.204l-294.4 294.401c-9.998 9.997-26.207 9.997-36.204-.001z\"><\/path><\/svg>\t\t\t\t\t\t<\/span>\n\t\t\t\t\t\t\t\t\t\t<span class=\"elementor-icon-list-text\"><b>Duraci\u00f3n: <\/b>1 hora.<\/span>\n\t\t\t\t\t\t\t\t\t<\/li>\n\t\t\t\t\t\t\t\t<li class=\"elementor-icon-list-item\">\n\t\t\t\t\t\t\t\t\t\t\t<span class=\"elementor-icon-list-icon\">\n\t\t\t\t\t\t\t<svg aria-hidden=\"true\" class=\"e-font-icon-svg e-fas-paw\" viewBox=\"0 0 512 512\" xmlns=\"http:\/\/www.w3.org\/2000\/svg\"><path d=\"M256 224c-79.41 0-192 122.76-192 200.25 0 34.9 26.81 55.75 71.74 55.75 48.84 0 81.09-25.08 120.26-25.08 39.51 0 71.85 25.08 120.26 25.08 44.93 0 71.74-20.85 71.74-55.75C448 346.76 335.41 224 256 224zm-147.28-12.61c-10.4-34.65-42.44-57.09-71.56-50.13-29.12 6.96-44.29 40.69-33.89 75.34 10.4 34.65 42.44 57.09 71.56 50.13 29.12-6.96 44.29-40.69 33.89-75.34zm84.72-20.78c30.94-8.14 46.42-49.94 34.58-93.36s-46.52-72.01-77.46-63.87-46.42 49.94-34.58 93.36c11.84 43.42 46.53 72.02 77.46 63.87zm281.39-29.34c-29.12-6.96-61.15 15.48-71.56 50.13-10.4 34.65 4.77 68.38 33.89 75.34 29.12 6.96 61.15-15.48 71.56-50.13 10.4-34.65-4.77-68.38-33.89-75.34zm-156.27 29.34c30.94 8.14 65.62-20.45 77.46-63.87 11.84-43.42-3.64-85.21-34.58-93.36s-65.62 20.45-77.46 63.87c-11.84 43.42 3.64 85.22 34.58 93.36z\"><\/path><\/svg>\t\t\t\t\t\t<\/span>\n\t\t\t\t\t\t\t\t\t\t<span class=\"elementor-icon-list-text\"><b>Modalidad: <\/b>online<\/span>\n\t\t\t\t\t\t\t\t\t<\/li>\n\t\t\t\t\t\t\t\t<li class=\"elementor-icon-list-item\">\n\t\t\t\t\t\t\t\t\t\t\t<span class=\"elementor-icon-list-icon\">\n\t\t\t\t\t\t\t<svg aria-hidden=\"true\" class=\"e-font-icon-svg e-fas-rainbow\" viewBox=\"0 0 576 512\" xmlns=\"http:\/\/www.w3.org\/2000\/svg\"><path d=\"M268.3 32.7C115.4 42.9 0 176.9 0 330.2V464c0 8.8 7.2 16 16 16h32c8.8 0 16-7.2 16-16V320C64 186.8 180.9 80.3 317.5 97.9 430.4 112.4 512 214 512 327.8V464c0 8.8 7.2 16 16 16h32c8.8 0 16-7.2 16-16V320c0-165.3-140-298.6-307.7-287.3zm-5.6 96.9C166 142 96 229.1 96 326.7V464c0 8.8 7.2 16 16 16h32c8.8 0 16-7.2 16-16V320c0-74.8 64.5-134.8 140.8-127.4 66.5 6.5 115.2 66.2 115.2 133.1V464c0 8.8 7.2 16 16 16h32c8.8 0 16-7.2 16-16V320c0-114.2-100.2-205.4-217.3-190.4zm6.2 96.3c-45.6 8.9-76.9 51.5-76.9 97.9V464c0 8.8 7.2 16 16 16h32c8.8 0 16-7.2 16-16V320c0-17.6 14.3-32 32-32s32 14.4 32 32v144c0 8.8 7.2 16 16 16h32c8.8 0 16-7.2 16-16V320c0-59.2-53.8-106-115.1-94.1z\"><\/path><\/svg>\t\t\t\t\t\t<\/span>\n\t\t\t\t\t\t\t\t\t\t<span class=\"elementor-icon-list-text\"><b>Coste:<\/b> 90 \u20ac.<\/span>\n\t\t\t\t\t\t\t\t\t<\/li>\n\t\t\t\t\t\t<\/ul>\n\t\t\t\t\t\t<\/div>\n\t\t\t\t<div class=\"elementor-element elementor-element-d8427d9 elementor-widget elementor-widget-text-editor\" data-id=\"d8427d9\" data-element_type=\"widget\" data-widget_type=\"text-editor.default\">\n\t\t\t\t\t\t\t\t\t<p>Dos sesiones en las que tendremos la oportunidad de dedicarle la primera de ellas a una evaluaci\u00f3n profunda de la situaci\u00f3n y tu momento vital, para hacer una segunda sesi\u00f3n 100% personalizada.<\/p>\t\t\t\t\t\t\t\t<\/div>\n\t\t\t\t<\/div>\n\t\t<div class=\"elementor-element elementor-element-2caee55 e-con-full e-flex e-con e-child\" data-id=\"2caee55\" data-element_type=\"container\" data-settings=\"{&quot;background_background&quot;:&quot;classic&quot;}\">\n\t\t\t\t<div class=\"elementor-element elementor-element-cd755e7 elementor-widget elementor-widget-heading\" data-id=\"cd755e7\" data-element_type=\"widget\" data-widget_type=\"heading.default\">\n\t\t\t\t\t<h3 class=\"elementor-heading-title elementor-size-default\"><u>Bono 5 sesiones<\/u><\/h3>\t\t\t\t<\/div>\n\t\t\t\t<div class=\"elementor-element elementor-element-e5ee780 elementor-align-left elementor-icon-list--layout-traditional elementor-list-item-link-full_width elementor-widget elementor-widget-icon-list\" data-id=\"e5ee780\" data-element_type=\"widget\" data-widget_type=\"icon-list.default\">\n\t\t\t\t\t\t\t<ul class=\"elementor-icon-list-items\">\n\t\t\t\t\t\t\t<li class=\"elementor-icon-list-item\">\n\t\t\t\t\t\t\t\t\t\t<span class=\"elementor-icon-list-text\"><b>Ideal <\/b>para procesos de duelo m\u00e1s profundos o para quienes prefieren un acompa\u00f1amiento continuo y estructurado.<\/span>\n\t\t\t\t\t\t\t\t\t<\/li>\n\t\t\t\t\t\t\t\t<li class=\"elementor-icon-list-item\">\n\t\t\t\t\t\t\t\t\t\t\t<span class=\"elementor-icon-list-icon\">\n\t\t\t\t\t\t\t<svg aria-hidden=\"true\" class=\"e-font-icon-svg e-fas-rainbow\" viewBox=\"0 0 576 512\" xmlns=\"http:\/\/www.w3.org\/2000\/svg\"><path d=\"M268.3 32.7C115.4 42.9 0 176.9 0 330.2V464c0 8.8 7.2 16 16 16h32c8.8 0 16-7.2 16-16V320C64 186.8 180.9 80.3 317.5 97.9 430.4 112.4 512 214 512 327.8V464c0 8.8 7.2 16 16 16h32c8.8 0 16-7.2 16-16V320c0-165.3-140-298.6-307.7-287.3zm-5.6 96.9C166 142 96 229.1 96 326.7V464c0 8.8 7.2 16 16 16h32c8.8 0 16-7.2 16-16V320c0-74.8 64.5-134.8 140.8-127.4 66.5 6.5 115.2 66.2 115.2 133.1V464c0 8.8 7.2 16 16 16h32c8.8 0 16-7.2 16-16V320c0-114.2-100.2-205.4-217.3-190.4zm6.2 96.3c-45.6 8.9-76.9 51.5-76.9 97.9V464c0 8.8 7.2 16 16 16h32c8.8 0 16-7.2 16-16V320c0-17.6 14.3-32 32-32s32 14.4 32 32v144c0 8.8 7.2 16 16 16h32c8.8 0 16-7.2 16-16V320c0-59.2-53.8-106-115.1-94.1z\"><\/path><\/svg>\t\t\t\t\t\t<\/span>\n\t\t\t\t\t\t\t\t\t\t<span class=\"elementor-icon-list-text\"><b>Coste:<\/b> 210 \u20ac.<\/span>\n\t\t\t\t\t\t\t\t\t<\/li>\n\t\t\t\t\t\t<\/ul>\n\t\t\t\t\t\t<\/div>\n\t\t\t\t<div class=\"elementor-element elementor-element-c081f1d elementor-widget elementor-widget-text-editor\" data-id=\"c081f1d\" data-element_type=\"widget\" data-widget_type=\"text-editor.default\">\n\t\t\t\t\t\t\t\t\t<p>Te ofrezco flexibilidad para que encuentres el apoyo que mejor se adapte a ti. En cada encuentro, tendr\u00e1s un espacio libre de juicios, donde honrar la memoria de tu animal y transformar el dolor en una conexi\u00f3n amorosa y duradera.<\/p>\t\t\t\t\t\t\t\t<\/div>\n\t\t\t\t<\/div>\n\t\t\t\t<\/div>\n\t\t<div class=\"elementor-element elementor-element-708a02a e-flex e-con-boxed e-con e-child\" data-id=\"708a02a\" data-element_type=\"container\" data-settings=\"{&quot;background_background&quot;:&quot;classic&quot;}\">\n\t\t\t\t\t<div class=\"e-con-inner\">\n\t\t\t\t<div class=\"elementor-element elementor-element-7f78e99 elementor-invisible elementor-widget elementor-widget-heading\" data-id=\"7f78e99\" data-element_type=\"widget\" data-settings=\"{&quot;_animation&quot;:&quot;zoomIn&quot;}\" data-widget_type=\"heading.default\">\n\t\t\t\t\t<h4 class=\"elementor-heading-title elementor-size-default\">* Para obtener tu acompa\u00f1amiento contactame v\u00eda WhatsApp<\/h4>\t\t\t\t<\/div>\n\t\t\t\t<div class=\"elementor-element elementor-element-0b295e0 elementor-view-default elementor-widget elementor-widget-icon\" data-id=\"0b295e0\" data-element_type=\"widget\" data-widget_type=\"icon.default\">\n\t\t\t\t\t\t\t<div class=\"elementor-icon-wrapper\">\n\t\t\t<div class=\"elementor-icon\">\n\t\t\t<svg aria-hidden=\"true\" class=\"e-font-icon-svg e-fab-whatsapp\" viewBox=\"0 0 448 512\" xmlns=\"http:\/\/www.w3.org\/2000\/svg\"><path d=\"M380.9 97.1C339 55.1 283.2 32 223.9 32c-122.4 0-222 99.6-222 222 0 39.1 10.2 77.3 29.6 111L0 480l117.7-30.9c32.4 17.7 68.9 27 106.1 27h.1c122.3 0 224.1-99.6 224.1-222 0-59.3-25.2-115-67.1-157zm-157 341.6c-33.2 0-65.7-8.9-94-25.7l-6.7-4-69.8 18.3L72 359.2l-4.4-7c-18.5-29.4-28.2-63.3-28.2-98.2 0-101.7 82.8-184.5 184.6-184.5 49.3 0 95.6 19.2 130.4 54.1 34.8 34.9 56.2 81.2 56.1 130.5 0 101.8-84.9 184.6-186.6 184.6zm101.2-138.2c-5.5-2.8-32.8-16.2-37.9-18-5.1-1.9-8.8-2.8-12.5 2.8-3.7 5.6-14.3 18-17.6 21.8-3.2 3.7-6.5 4.2-12 1.4-32.6-16.3-54-29.1-75.5-66-5.7-9.8 5.7-9.1 16.3-30.3 1.8-3.7.9-6.9-.5-9.7-1.4-2.8-12.5-30.1-17.1-41.2-4.5-10.8-9.1-9.3-12.5-9.5-3.2-.2-6.9-.2-10.6-.2-3.7 0-9.7 1.4-14.8 6.9-5.1 5.6-19.4 19-19.4 46.3 0 27.3 19.9 53.7 22.6 57.4 2.8 3.7 39.1 59.7 94.8 83.8 35.2 15.2 49 16.5 66.6 13.9 10.7-1.6 32.8-13.4 37.4-26.4 4.6-13 4.6-24.1 3.2-26.4-1.3-2.5-5-3.9-10.5-6.6z\"><\/path><\/svg>\t\t\t<\/div>\n\t\t<\/div>\n\t\t\t\t\t\t<\/div>\n\t\t\t\t\t<\/div>\n\t\t\t\t<\/div>\n\t\t\t\t<div class=\"elementor-element elementor-element-f2a7b90 elementor-widget elementor-widget-heading\" data-id=\"f2a7b90\" data-element_type=\"widget\" data-widget_type=\"heading.default\">\n\t\t\t\t\t<h2 class=\"elementor-heading-title elementor-size-default\">\"No est\u00e1s sola\/o en este proceso. Estoy aqu\u00ed para caminar contigo y ayudarte a encontrar la paz y el amor que siempre te unir\u00e1 a tu compa\u00f1ero de vida. \"<\/h2>\t\t\t\t<\/div>\n\t\t\t\t<div class=\"elementor-element elementor-element-542d955 elementor-widget elementor-widget-html\" data-id=\"542d955\" data-element_type=\"widget\" data-widget_type=\"html.default\">\n\t\t\t\t\t<script\r\n  src=\"https:\/\/unpkg.com\/@dotlottie\/player-component@2.7.12\/dist\/dotlottie-player.mjs\"\r\n  type=\"module\"\r\n><\/script>\r\n\r\n<dotlottie-player\r\n  src=\"https:\/\/lottie.host\/e7f24c27-d3cf-409f-8ba2-2c18809f321b\/1TCkeMGhFq.lottie\"\r\n  background=\"transparent\"\r\n  speed=\"1\"\r\n  style=\"width: 300px; height: 300px\"\r\n  loop\r\n  autoplay\r\n><\/dotlottie-player>\t\t\t\t<\/div>\n\t\t\t\t\t<\/div>\n\t\t\t\t<\/div>\n\t\t\t\t<\/div>\n\t\t<div class=\"elementor-element elementor-element-78af435 e-con-full e-flex e-con e-parent\" data-id=\"78af435\" data-element_type=\"container\">\n\t\t<div class=\"elementor-element elementor-element-67fcfb4 e-con-full e-flex e-con e-child\" data-id=\"67fcfb4\" data-element_type=\"container\" data-settings=\"{&quot;background_background&quot;:&quot;classic&quot;}\">\n\t\t\t\t<div class=\"elementor-element elementor-element-bf05b6d elementor-widget elementor-widget-text-editor\" data-id=\"bf05b6d\" data-element_type=\"widget\" data-widget_type=\"text-editor.default\">\n\t\t\t\t\t\t\t\t\t<p>El Jard\u00edn de Dana\u00ae por Maite Duarte Todos lo derechos reservados \u2665 | Creada por Id.Tech<\/p>\t\t\t\t\t\t\t\t<\/div>\n\t\t\t\t<\/div>\n\t\t\t\t<\/div>\n\t\t\t\t<\/div>\n\t\t","protected":false},"excerpt":{"rendered":"<p>Inicio SERVICIOS Acompa\u00f1amiento integral en el duelo animal El duelo por la p\u00e9rdida de un animal es \u00fanico y profundamente personal. En El Jard\u00edn de Dana, abordamos todas las facetas de este proceso, ofreciendo un espacio seguro y respetuoso para cada necesidad. Te ofrezco un espacio en el que puedes: Hablar sin miedo al juicio &#8230; <a title=\"Plantilla Maite servicio\" class=\"read-more\" href=\"https:\/\/plantillasweb.eu\/index.php\/plantilla-maite-duarte\/\" aria-label=\"Leer m\u00e1s sobre Plantilla Maite servicio\">Leer m\u00e1s<\/a><\/p>\n","protected":false},"author":1,"featured_media":0,"parent":0,"menu_order":0,"comment_status":"closed","ping_status":"closed","template":"elementor_canvas","meta":{"footnotes":""},"class_list":["post-867","page","type-page","status-publish"],"_links":{"self":[{"href":"https:\/\/plantillasweb.eu\/index.php\/wp-json\/wp\/v2\/pages\/867","targetHints":{"allow":["GET"]}}],"collection":[{"href":"https:\/\/plantillasweb.eu\/index.php\/wp-json\/wp\/v2\/pages"}],"about":[{"href":"https:\/\/plantillasweb.eu\/index.php\/wp-json\/wp\/v2\/types\/page"}],"author":[{"embeddable":true,"href":"https:\/\/plantillasweb.eu\/index.php\/wp-json\/wp\/v2\/users\/1"}],"replies":[{"embeddable":true,"href":"https:\/\/plantillasweb.eu\/index.php\/wp-json\/wp\/v2\/comments?post=867"}],"version-history":[{"count":5,"href":"https:\/\/plantillasweb.eu\/index.php\/wp-json\/wp\/v2\/pages\/867\/revisions"}],"predecessor-version":[{"id":875,"href":"https:\/\/plantillasweb.eu\/index.php\/wp-json\/wp\/v2\/pages\/867\/revisions\/875"}],"wp:attachment":[{"href":"https:\/\/plantillasweb.eu\/index.php\/wp-json\/wp\/v2\/media?parent=867"}],"curies":[{"name":"wp","href":"https:\/\/api.w.org\/{rel}","templated":true}]}}