{"id":858,"date":"2026-01-09T11:12:58","date_gmt":"2026-01-09T11:12:58","guid":{"rendered":"https:\/\/plantillasweb.eu\/?page_id=858"},"modified":"2026-01-09T11:15:59","modified_gmt":"2026-01-09T11:15:59","slug":"plantilla-veronica-servicio","status":"publish","type":"page","link":"https:\/\/plantillasweb.eu\/index.php\/plantilla-veronica-servicio\/","title":{"rendered":"Plantilla Veronica servicio"},"content":{"rendered":"\t\t<div data-elementor-type=\"wp-page\" data-elementor-id=\"858\" class=\"elementor elementor-858\" data-elementor-post-type=\"page\">\n\t\t\t\t<div class=\"elementor-element elementor-element-2264ced e-con-full e-flex e-con e-parent\" data-id=\"2264ced\" data-element_type=\"container\">\n\t\t<div class=\"elementor-element elementor-element-464be5c e-con-full elementor-hidden-mobile e-flex e-con e-child\" data-id=\"464be5c\" data-element_type=\"container\" data-settings=\"{&quot;background_background&quot;:&quot;classic&quot;}\">\n\t\t\t\t<div class=\"elementor-element elementor-element-5eab173 elementor-widget__width-initial elementor-widget elementor-widget-image\" data-id=\"5eab173\" data-element_type=\"widget\" data-widget_type=\"image.default\">\n\t\t\t\t\t\t\t\t\t\t\t\t\t\t\t<img decoding=\"async\" src=\"https:\/\/plantillasweb.eu\/wp-content\/uploads\/elementor\/thumbs\/LOGO-VERONICA-TRANSPARENCIA-e1758462711342-rg8nmqu1wvmr169yqfhnr9wt4sszhdmd4p8mpsdlco.png\" title=\"LOGO-VERONICA-TRANSPARENCIA-e1758462711342.png\" alt=\"LOGO-VERONICA-TRANSPARENCIA-e1758462711342.png\" loading=\"lazy\" \/>\t\t\t\t\t\t\t\t\t\t\t\t\t\t\t<\/div>\n\t\t\t\t<div class=\"elementor-element elementor-element-0bccd02 elementor-widget__width-initial elementor-widget elementor-widget-image\" data-id=\"0bccd02\" data-element_type=\"widget\" data-widget_type=\"image.default\">\n\t\t\t\t\t\t\t\t\t\t\t\t\t\t\t<img decoding=\"async\" src=\"https:\/\/plantillasweb.eu\/wp-content\/uploads\/elementor\/thumbs\/LOGO-VERONICA-TRANSPARENCIA-1-e1758462904928-rg8nmqu3wstkiotggoocfl8wlq95zsulpxcnvmuvnw.png\" title=\"LOGO-VERONICA-TRANSPARENCIA-1-e1758462904928.png\" alt=\"LOGO-VERONICA-TRANSPARENCIA-1-e1758462904928.png\" loading=\"lazy\" \/>\t\t\t\t\t\t\t\t\t\t\t\t\t\t\t<\/div>\n\t\t\t\t<div class=\"elementor-element elementor-element-c471512 elementor-widget__width-initial elementor-nav-menu--dropdown-tablet elementor-nav-menu__text-align-aside elementor-nav-menu--toggle elementor-nav-menu--burger elementor-widget elementor-widget-nav-menu\" data-id=\"c471512\" data-element_type=\"widget\" data-settings=\"{&quot;layout&quot;:&quot;horizontal&quot;,&quot;submenu_icon&quot;:{&quot;value&quot;:&quot;&lt;svg aria-hidden=\\&quot;true\\&quot; class=\\&quot;e-font-icon-svg e-fas-caret-down\\&quot; viewBox=\\&quot;0 0 320 512\\&quot; xmlns=\\&quot;http:\\\/\\\/www.w3.org\\\/2000\\\/svg\\&quot;&gt;&lt;path d=\\&quot;M31.3 192h257.3c17.8 0 26.7 21.5 14.1 34.1L174.1 354.8c-7.8 7.8-20.5 7.8-28.3 0L17.2 226.1C4.6 213.5 13.5 192 31.3 192z\\&quot;&gt;&lt;\\\/path&gt;&lt;\\\/svg&gt;&quot;,&quot;library&quot;:&quot;fa-solid&quot;},&quot;toggle&quot;:&quot;burger&quot;}\" data-widget_type=\"nav-menu.default\">\n\t\t\t\t\t\t\t\t<nav aria-label=\"Menu\" class=\"elementor-nav-menu--main elementor-nav-menu__container elementor-nav-menu--layout-horizontal e--pointer-underline e--animation-fade\">\n\t\t\t\t<ul id=\"menu-1-c471512\" class=\"elementor-nav-menu\"><li class=\"menu-item menu-item-type-post_type menu-item-object-page menu-item-217\"><a href=\"https:\/\/plantillasweb.eu\/index.php\/plantilla-psicologa-inicio\/\" class=\"elementor-item\">Plantilla Psic\u00f3loga Inicio<\/a><\/li>\n<\/ul>\t\t\t<\/nav>\n\t\t\t\t\t<div class=\"elementor-menu-toggle\" role=\"button\" tabindex=\"0\" aria-label=\"Menu Toggle\" aria-expanded=\"false\">\n\t\t\t<svg aria-hidden=\"true\" role=\"presentation\" class=\"elementor-menu-toggle__icon--open e-font-icon-svg e-eicon-menu-bar\" viewBox=\"0 0 1000 1000\" xmlns=\"http:\/\/www.w3.org\/2000\/svg\"><path d=\"M104 333H896C929 333 958 304 958 271S929 208 896 208H104C71 208 42 237 42 271S71 333 104 333ZM104 583H896C929 583 958 554 958 521S929 458 896 458H104C71 458 42 487 42 521S71 583 104 583ZM104 833H896C929 833 958 804 958 771S929 708 896 708H104C71 708 42 737 42 771S71 833 104 833Z\"><\/path><\/svg><svg aria-hidden=\"true\" role=\"presentation\" class=\"elementor-menu-toggle__icon--close e-font-icon-svg e-eicon-close\" viewBox=\"0 0 1000 1000\" xmlns=\"http:\/\/www.w3.org\/2000\/svg\"><path d=\"M742 167L500 408 258 167C246 154 233 150 217 150 196 150 179 158 167 167 154 179 150 196 150 212 150 229 154 242 171 254L408 500 167 742C138 771 138 800 167 829 196 858 225 858 254 829L496 587 738 829C750 842 767 846 783 846 800 846 817 842 829 829 842 817 846 804 846 783 846 767 842 750 829 737L588 500 833 258C863 229 863 200 833 171 804 137 775 137 742 167Z\"><\/path><\/svg>\t\t<\/div>\n\t\t\t\t\t<nav class=\"elementor-nav-menu--dropdown elementor-nav-menu__container\" aria-hidden=\"true\">\n\t\t\t\t<ul id=\"menu-2-c471512\" class=\"elementor-nav-menu\"><li class=\"menu-item menu-item-type-post_type menu-item-object-page menu-item-217\"><a href=\"https:\/\/plantillasweb.eu\/index.php\/plantilla-psicologa-inicio\/\" class=\"elementor-item\" tabindex=\"-1\">Plantilla Psic\u00f3loga Inicio<\/a><\/li>\n<\/ul>\t\t\t<\/nav>\n\t\t\t\t\t\t<\/div>\n\t\t\t\t<\/div>\n\t\t\t\t<\/div>\n\t\t<div class=\"elementor-element elementor-element-c627e41 e-con-full elementor-hidden-desktop elementor-hidden-tablet e-flex e-con e-parent\" data-id=\"c627e41\" data-element_type=\"container\">\n\t\t<div class=\"elementor-element elementor-element-419dd13 e-con-full elementor-hidden-tablet e-flex e-con e-child\" data-id=\"419dd13\" data-element_type=\"container\" data-settings=\"{&quot;background_background&quot;:&quot;classic&quot;}\">\n\t\t\t\t<div class=\"elementor-element elementor-element-4c13585 elementor-widget elementor-widget-image\" data-id=\"4c13585\" data-element_type=\"widget\" data-widget_type=\"image.default\">\n\t\t\t\t\t\t\t\t\t\t\t\t\t\t\t<img decoding=\"async\" src=\"https:\/\/plantillasweb.eu\/wp-content\/uploads\/elementor\/thumbs\/LOGO-VERONICA-TRANSPARENCIA-e1758462711342-rg8nmqu1wvmr169yqfhnr9wt4sszhdmd4p8mpsdlco.png\" title=\"LOGO-VERONICA-TRANSPARENCIA-e1758462711342.png\" alt=\"LOGO-VERONICA-TRANSPARENCIA-e1758462711342.png\" loading=\"lazy\" \/>\t\t\t\t\t\t\t\t\t\t\t\t\t\t\t<\/div>\n\t\t\t\t<div class=\"elementor-element elementor-element-65bd20d elementor-widget elementor-widget-image\" data-id=\"65bd20d\" data-element_type=\"widget\" data-widget_type=\"image.default\">\n\t\t\t\t\t\t\t\t\t\t\t\t\t\t\t<img decoding=\"async\" src=\"https:\/\/plantillasweb.eu\/wp-content\/uploads\/elementor\/thumbs\/LOGO-VERONICA-TRANSPARENCIA-1-e1758462904928-rg8nmqu3wstkiotggoocfl8wlq95zsulpxcnvmuvnw.png\" title=\"LOGO-VERONICA-TRANSPARENCIA-1-e1758462904928.png\" alt=\"LOGO-VERONICA-TRANSPARENCIA-1-e1758462904928.png\" loading=\"lazy\" \/>\t\t\t\t\t\t\t\t\t\t\t\t\t\t\t<\/div>\n\t\t\t\t<div class=\"elementor-element elementor-element-258edc1 elementor-nav-menu--dropdown-tablet elementor-nav-menu__text-align-aside elementor-nav-menu--toggle elementor-nav-menu--burger elementor-widget elementor-widget-nav-menu\" data-id=\"258edc1\" data-element_type=\"widget\" data-settings=\"{&quot;layout&quot;:&quot;horizontal&quot;,&quot;submenu_icon&quot;:{&quot;value&quot;:&quot;&lt;svg aria-hidden=\\&quot;true\\&quot; class=\\&quot;e-font-icon-svg e-fas-caret-down\\&quot; viewBox=\\&quot;0 0 320 512\\&quot; xmlns=\\&quot;http:\\\/\\\/www.w3.org\\\/2000\\\/svg\\&quot;&gt;&lt;path d=\\&quot;M31.3 192h257.3c17.8 0 26.7 21.5 14.1 34.1L174.1 354.8c-7.8 7.8-20.5 7.8-28.3 0L17.2 226.1C4.6 213.5 13.5 192 31.3 192z\\&quot;&gt;&lt;\\\/path&gt;&lt;\\\/svg&gt;&quot;,&quot;library&quot;:&quot;fa-solid&quot;},&quot;toggle&quot;:&quot;burger&quot;}\" data-widget_type=\"nav-menu.default\">\n\t\t\t\t\t\t\t\t<nav aria-label=\"Menu\" class=\"elementor-nav-menu--main elementor-nav-menu__container elementor-nav-menu--layout-horizontal e--pointer-underline e--animation-fade\">\n\t\t\t\t<ul id=\"menu-1-258edc1\" class=\"elementor-nav-menu\"><li class=\"menu-item menu-item-type-post_type menu-item-object-page menu-item-217\"><a href=\"https:\/\/plantillasweb.eu\/index.php\/plantilla-psicologa-inicio\/\" class=\"elementor-item\">Plantilla Psic\u00f3loga Inicio<\/a><\/li>\n<\/ul>\t\t\t<\/nav>\n\t\t\t\t\t<div class=\"elementor-menu-toggle\" role=\"button\" tabindex=\"0\" aria-label=\"Menu Toggle\" aria-expanded=\"false\">\n\t\t\t<svg aria-hidden=\"true\" role=\"presentation\" class=\"elementor-menu-toggle__icon--open e-font-icon-svg e-eicon-menu-bar\" viewBox=\"0 0 1000 1000\" xmlns=\"http:\/\/www.w3.org\/2000\/svg\"><path d=\"M104 333H896C929 333 958 304 958 271S929 208 896 208H104C71 208 42 237 42 271S71 333 104 333ZM104 583H896C929 583 958 554 958 521S929 458 896 458H104C71 458 42 487 42 521S71 583 104 583ZM104 833H896C929 833 958 804 958 771S929 708 896 708H104C71 708 42 737 42 771S71 833 104 833Z\"><\/path><\/svg><svg aria-hidden=\"true\" role=\"presentation\" class=\"elementor-menu-toggle__icon--close e-font-icon-svg e-eicon-close\" viewBox=\"0 0 1000 1000\" xmlns=\"http:\/\/www.w3.org\/2000\/svg\"><path d=\"M742 167L500 408 258 167C246 154 233 150 217 150 196 150 179 158 167 167 154 179 150 196 150 212 150 229 154 242 171 254L408 500 167 742C138 771 138 800 167 829 196 858 225 858 254 829L496 587 738 829C750 842 767 846 783 846 800 846 817 842 829 829 842 817 846 804 846 783 846 767 842 750 829 737L588 500 833 258C863 229 863 200 833 171 804 137 775 137 742 167Z\"><\/path><\/svg>\t\t<\/div>\n\t\t\t\t\t<nav class=\"elementor-nav-menu--dropdown elementor-nav-menu__container\" aria-hidden=\"true\">\n\t\t\t\t<ul id=\"menu-2-258edc1\" class=\"elementor-nav-menu\"><li class=\"menu-item menu-item-type-post_type menu-item-object-page menu-item-217\"><a href=\"https:\/\/plantillasweb.eu\/index.php\/plantilla-psicologa-inicio\/\" class=\"elementor-item\" tabindex=\"-1\">Plantilla Psic\u00f3loga Inicio<\/a><\/li>\n<\/ul>\t\t\t<\/nav>\n\t\t\t\t\t\t<\/div>\n\t\t\t\t<\/div>\n\t\t\t\t<\/div>\n\t\t<div class=\"elementor-element elementor-element-234515c e-con-full e-flex e-con e-parent\" data-id=\"234515c\" data-element_type=\"container\">\n\t\t<div class=\"elementor-element elementor-element-28fa25b e-con-full e-flex e-con e-child\" data-id=\"28fa25b\" data-element_type=\"container\" data-settings=\"{&quot;background_background&quot;:&quot;classic&quot;,&quot;shape_divider_bottom&quot;:&quot;waves&quot;}\">\n\t\t\t\t<div class=\"elementor-shape elementor-shape-bottom\" aria-hidden=\"true\" data-negative=\"false\">\n\t\t\t<svg xmlns=\"http:\/\/www.w3.org\/2000\/svg\" viewBox=\"0 0 1000 100\" preserveAspectRatio=\"none\">\n\t<path class=\"elementor-shape-fill\" d=\"M421.9,6.5c22.6-2.5,51.5,0.4,75.5,5.3c23.6,4.9,70.9,23.5,100.5,35.7c75.8,32.2,133.7,44.5,192.6,49.7\n\tc23.6,2.1,48.7,3.5,103.4-2.5c54.7-6,106.2-25.6,106.2-25.6V0H0v30.3c0,0,72,32.6,158.4,30.5c39.2-0.7,92.8-6.7,134-22.4\n\tc21.2-8.1,52.2-18.2,79.7-24.2C399.3,7.9,411.6,7.5,421.9,6.5z\"\/>\n<\/svg>\t\t<\/div>\n\t\t<div class=\"elementor-element elementor-element-8fc256e animated-slow e-flex e-con-boxed e-con e-child\" data-id=\"8fc256e\" data-element_type=\"container\" data-settings=\"{&quot;animation&quot;:&quot;none&quot;}\">\n\t\t\t\t\t<div class=\"e-con-inner\">\n\t\t\t\t<div class=\"elementor-element elementor-element-06c7554 animated-slow elementor-invisible elementor-widget elementor-widget-heading\" data-id=\"06c7554\" data-element_type=\"widget\" data-settings=\"{&quot;_animation&quot;:&quot;fadeInLeft&quot;}\" data-widget_type=\"heading.default\">\n\t\t\t\t\t<h1 class=\"elementor-heading-title elementor-size-default\">ADA<\/h1>\t\t\t\t<\/div>\n\t\t\t\t<div class=\"elementor-element elementor-element-50392db animated-slow elementor-invisible elementor-widget elementor-widget-heading\" data-id=\"50392db\" data-element_type=\"widget\" data-settings=\"{&quot;_animation&quot;:&quot;fadeInLeft&quot;}\" data-widget_type=\"heading.default\">\n\t\t\t\t\t<h3 class=\"elementor-heading-title elementor-size-default\">Acompa\u00f1amiento en el Duelo Animal<\/h3>\t\t\t\t<\/div>\n\t\t<div class=\"elementor-element elementor-element-8b678fb e-flex e-con-boxed e-con e-child\" data-id=\"8b678fb\" data-element_type=\"container\">\n\t\t\t\t\t<div class=\"e-con-inner\">\n\t\t\t\t<div class=\"elementor-element elementor-element-21a629f elementor-align-center animated-slow elementor-invisible elementor-widget elementor-widget-button\" data-id=\"21a629f\" data-element_type=\"widget\" data-settings=\"{&quot;_animation&quot;:&quot;fadeInLeft&quot;}\" data-widget_type=\"button.default\">\n\t\t\t\t\t\t\t\t\t\t<a class=\"elementor-button elementor-button-link elementor-size-sm\" href=\"#SADA\">\n\t\t\t\t\t\t<span class=\"elementor-button-content-wrapper\">\n\t\t\t\t\t\t\t\t\t<span class=\"elementor-button-text\">Abrir este camino<\/span>\n\t\t\t\t\t<\/span>\n\t\t\t\t\t<\/a>\n\t\t\t\t\t\t\t\t<\/div>\n\t\t\t\t\t<\/div>\n\t\t\t\t<\/div>\n\t\t\t\t\t<\/div>\n\t\t\t\t<\/div>\n\t\t\t\t<\/div>\n\t\t\t\t<\/div>\n\t\t<div class=\"elementor-element elementor-element-8838e3a e-con-full e-flex e-con e-parent\" data-id=\"8838e3a\" data-element_type=\"container\">\n\t\t<div class=\"elementor-element elementor-element-79cd370 e-flex e-con-boxed e-con e-child\" data-id=\"79cd370\" data-element_type=\"container\" data-settings=\"{&quot;background_background&quot;:&quot;classic&quot;,&quot;shape_divider_top&quot;:&quot;waves&quot;}\">\n\t\t\t\t\t<div class=\"e-con-inner\">\n\t\t\t\t<div class=\"elementor-shape elementor-shape-top\" aria-hidden=\"true\" data-negative=\"false\">\n\t\t\t<svg xmlns=\"http:\/\/www.w3.org\/2000\/svg\" viewBox=\"0 0 1000 100\" preserveAspectRatio=\"none\">\n\t<path class=\"elementor-shape-fill\" d=\"M421.9,6.5c22.6-2.5,51.5,0.4,75.5,5.3c23.6,4.9,70.9,23.5,100.5,35.7c75.8,32.2,133.7,44.5,192.6,49.7\n\tc23.6,2.1,48.7,3.5,103.4-2.5c54.7-6,106.2-25.6,106.2-25.6V0H0v30.3c0,0,72,32.6,158.4,30.5c39.2-0.7,92.8-6.7,134-22.4\n\tc21.2-8.1,52.2-18.2,79.7-24.2C399.3,7.9,411.6,7.5,421.9,6.5z\"\/>\n<\/svg>\t\t<\/div>\n\t\t\t\t<div class=\"elementor-element elementor-element-d48d71f elementor-widget elementor-widget-spacer\" data-id=\"d48d71f\" data-element_type=\"widget\" data-widget_type=\"spacer.default\">\n\t\t\t\t\t\t\t<div class=\"elementor-spacer\">\n\t\t\t<div class=\"elementor-spacer-inner\"><\/div>\n\t\t<\/div>\n\t\t\t\t\t\t<\/div>\n\t\t\t\t<div class=\"elementor-element elementor-element-78dcc7a animated-slow elementor-invisible elementor-widget elementor-widget-heading\" data-id=\"78dcc7a\" data-element_type=\"widget\" data-settings=\"{&quot;_animation&quot;:&quot;fadeInUp&quot;}\" data-widget_type=\"heading.default\">\n\t\t\t\t\t<h1 class=\"elementor-heading-title elementor-size-default\">ACOMPA\u00d1AMIENTO EN EL DUELO ANIMAL<\/h1>\t\t\t\t<\/div>\n\t\t<div class=\"elementor-element elementor-element-c77636d e-con-full animated-slow e-flex elementor-invisible e-con e-child\" data-id=\"c77636d\" data-element_type=\"container\" data-settings=\"{&quot;background_background&quot;:&quot;gradient&quot;,&quot;animation&quot;:&quot;fadeInLeft&quot;}\">\n\t\t<div class=\"elementor-element elementor-element-1d37cf4 e-con-full e-flex e-con e-child\" data-id=\"1d37cf4\" data-element_type=\"container\">\n\t\t\t\t<div class=\"elementor-element elementor-element-5a8eb70 animated-slow elementor-invisible elementor-widget elementor-widget-heading\" data-id=\"5a8eb70\" data-element_type=\"widget\" data-settings=\"{&quot;_animation&quot;:&quot;fadeInUp&quot;}\" data-widget_type=\"heading.default\">\n\t\t\t\t\t<h4 class=\"elementor-heading-title elementor-size-default\">El duelo no es un lugar donde quedarse atrapado, sino un camino a transitar paso a paso. Y \u00a1no!, no puedo devolverte a tu hijo de coraz\u00f3n\u2026 pero s\u00ed puedo acompa\u00f1arte en este camino. Porque el dolor no desaparece con el tiempo, sino con el significado, y en ese viaje la \u00faltima palabra siempre la tiene el amor. <br>\nS\u00e9 que a veces tu entorno no comprende la magnitud de tu perdida, lo minimiza o incluso te dice \u201cera solo un animal\u201d. Pero t\u00fa y yo sabemos que no es as\u00ed: tu v\u00ednculo era verdadero, profundo, imposible de medir desde fuera.<br>\nAqu\u00ed tus lagrimas no se justifican, aqu\u00ed cobran sentido. <br>\nJuntos iremos cosiendo los rotos del coraz\u00f3n con paciencia, con amor y con la certeza de que el v\u00ednculo con tu animal no desaparece, se transforma en una presencia distinta que sigue iluminando tu vida.\n<\/h4>\t\t\t\t<\/div>\n\t\t\t\t<\/div>\n\t\t<div class=\"elementor-element elementor-element-117d6ca e-con-full e-flex e-con e-child\" data-id=\"117d6ca\" data-element_type=\"container\" data-settings=\"{&quot;background_background&quot;:&quot;classic&quot;}\">\n\t\t\t\t<\/div>\n\t\t\t\t<\/div>\n\t\t<div class=\"elementor-element elementor-element-d41c133 e-con-full animated-slow e-flex elementor-invisible e-con e-child\" data-id=\"d41c133\" data-element_type=\"container\" data-settings=\"{&quot;background_background&quot;:&quot;gradient&quot;,&quot;animation&quot;:&quot;fadeInRight&quot;}\">\n\t\t<div class=\"elementor-element elementor-element-a01100c e-con-full e-flex e-con e-child\" data-id=\"a01100c\" data-element_type=\"container\" data-settings=\"{&quot;background_background&quot;:&quot;classic&quot;}\">\n\t\t\t\t<\/div>\n\t\t<div class=\"elementor-element elementor-element-b936cf9 e-con-full e-flex e-con e-child\" data-id=\"b936cf9\" data-element_type=\"container\">\n\t\t\t\t<div class=\"elementor-element elementor-element-7f185ac animated-slow elementor-invisible elementor-widget elementor-widget-heading\" data-id=\"7f185ac\" data-element_type=\"widget\" data-settings=\"{&quot;_animation&quot;:&quot;fadeInUp&quot;}\" data-widget_type=\"heading.default\">\n\t\t\t\t\t<h4 class=\"elementor-heading-title elementor-size-default\">La despedida de nuestros animales es uno de los momentos m\u00e1s duros de la vida. Por eso he creado este espacio: porque yo tambi\u00e9n estuve muchas veces ah\u00ed. <br>\nS\u00e9 c\u00f3mo duele, s\u00e9 c\u00f3mo se siente y desde haber recorrido ese camino tantas veces, hoy puedo acompa\u00f1arte en este trayecto.\nSi tu perdida es reciente y la ausencia parece abrumarlo todo, si ha pasado el tiempo y a\u00fan sientes que tu coraz\u00f3n se qued\u00f3 detenido en aquel instante, o si la despedida se acerca y necesitas sost\u00e9n, aqu\u00ed encontrar\u00e1s el apoyo que buscas. <br>\nSacar\u00e9 mi cajita de herramientas y, con mi m\u00e9todo, caminaremos juntos para soltar la culpa, abrazar el vac\u00edo y transformar la ausencia. Este recorrido no tiene atajos, pero acompa\u00f1ado se vuelve m\u00e1s ligero, se ilumina y se llena de sentido. <br>\nY aqu\u00ed estoy yo, preparada para recorrerlo contigo.<br><br>\n\n\u201cEntre saber y entender, me quedo con sentir.\u201d\n<\/h4>\t\t\t\t<\/div>\n\t\t\t\t<\/div>\n\t\t\t\t<\/div>\n\t\t\t\t\t<\/div>\n\t\t\t\t<\/div>\n\t\t\t\t<\/div>\n\t\t<div class=\"elementor-element elementor-element-b167458 e-con-full e-flex e-con e-parent\" data-id=\"b167458\" data-element_type=\"container\">\n\t\t<div class=\"elementor-element elementor-element-036a13b e-flex e-con-boxed e-con e-child\" data-id=\"036a13b\" data-element_type=\"container\" data-settings=\"{&quot;background_background&quot;:&quot;gradient&quot;}\">\n\t\t\t\t\t<div class=\"e-con-inner\">\n\t\t\t\t<div class=\"elementor-element elementor-element-313f678 elementor-align-center animated-slow elementor-invisible elementor-widget elementor-widget-button\" data-id=\"313f678\" data-element_type=\"widget\" data-settings=\"{&quot;_animation&quot;:&quot;fadeInLeft&quot;}\" data-widget_type=\"button.default\">\n\t\t\t\t\t\t\t\t\t\t<a class=\"elementor-button elementor-button-link elementor-size-sm\" href=\"https:\/\/www.paypal.com\/ncp\/payment\/EHA67TKPHRQMJ\">\n\t\t\t\t\t\t<span class=\"elementor-button-content-wrapper\">\n\t\t\t\t\t\t\t\t\t<span class=\"elementor-button-text\">1 SESI\u00d3N<\/span>\n\t\t\t\t\t<\/span>\n\t\t\t\t\t<\/a>\n\t\t\t\t\t\t\t\t<\/div>\n\t\t\t\t<div class=\"elementor-element elementor-element-bd10691 elementor-align-center animated-slow elementor-invisible elementor-widget elementor-widget-button\" data-id=\"bd10691\" data-element_type=\"widget\" data-settings=\"{&quot;_animation&quot;:&quot;fadeInLeft&quot;}\" data-widget_type=\"button.default\">\n\t\t\t\t\t\t\t\t\t\t<a class=\"elementor-button elementor-button-link elementor-size-sm\" href=\"https:\/\/www.paypal.com\/ncp\/payment\/RMDT2PUR6LY4Q\">\n\t\t\t\t\t\t<span class=\"elementor-button-content-wrapper\">\n\t\t\t\t\t\t\t\t\t<span class=\"elementor-button-text\">PACK 4 SESIONES<\/span>\n\t\t\t\t\t<\/span>\n\t\t\t\t\t<\/a>\n\t\t\t\t\t\t\t\t<\/div>\n\t\t\t\t<div class=\"elementor-element elementor-element-0ab9cf0 elementor-align-center animated-slow elementor-invisible elementor-widget elementor-widget-button\" data-id=\"0ab9cf0\" data-element_type=\"widget\" data-settings=\"{&quot;_animation&quot;:&quot;fadeInLeft&quot;}\" data-widget_type=\"button.default\">\n\t\t\t\t\t\t\t\t\t\t<a class=\"elementor-button elementor-button-link elementor-size-sm\" href=\"https:\/\/www.paypal.com\/ncp\/payment\/L95TAGYW5FSEN\">\n\t\t\t\t\t\t<span class=\"elementor-button-content-wrapper\">\n\t\t\t\t\t\t\t\t\t<span class=\"elementor-button-text\">PACK 6 SESIONES<\/span>\n\t\t\t\t\t<\/span>\n\t\t\t\t\t<\/a>\n\t\t\t\t\t\t\t\t<\/div>\n\t\t\t\t\t<\/div>\n\t\t\t\t<\/div>\n\t\t\t\t<\/div>\n\t\t<div class=\"elementor-element elementor-element-2ed043d e-con-full e-flex e-con e-parent\" data-id=\"2ed043d\" data-element_type=\"container\">\n\t\t<div class=\"elementor-element elementor-element-7033083 e-flex e-con-boxed e-con e-child\" data-id=\"7033083\" data-element_type=\"container\" data-settings=\"{&quot;background_background&quot;:&quot;classic&quot;,&quot;shape_divider_top&quot;:&quot;opacity-tilt&quot;}\">\n\t\t\t\t\t<div class=\"e-con-inner\">\n\t\t\t\t<div class=\"elementor-shape elementor-shape-top\" aria-hidden=\"true\" data-negative=\"false\">\n\t\t\t<svg xmlns=\"http:\/\/www.w3.org\/2000\/svg\" viewBox=\"0 0 2600 131.1\" preserveAspectRatio=\"none\">\n\t<path class=\"elementor-shape-fill\" d=\"M0 0L2600 0 2600 69.1 0 0z\"\/>\n\t<path class=\"elementor-shape-fill\" style=\"opacity:0.5\" d=\"M0 0L2600 0 2600 69.1 0 69.1z\"\/>\n\t<path class=\"elementor-shape-fill\" style=\"opacity:0.25\" d=\"M2600 0L0 0 0 130.1 2600 69.1z\"\/>\n<\/svg>\t\t<\/div>\n\t\t<div class=\"elementor-element elementor-element-9ad3f3f e-con-full e-flex e-con e-child\" data-id=\"9ad3f3f\" data-element_type=\"container\">\n\t\t\t\t<div class=\"elementor-element elementor-element-4152d95 elementor-widget elementor-widget-image\" data-id=\"4152d95\" data-element_type=\"widget\" data-widget_type=\"image.default\">\n\t\t\t\t\t\t\t\t\t\t\t\t\t\t\t<img decoding=\"async\" src=\"https:\/\/plantillasweb.eu\/wp-content\/uploads\/elementor\/thumbs\/LOGO-VERONICA-e1758464518569-rhedruapxp96xiv8ilup21rm9yz6et64yzotciiigw.png\" title=\"LOGO-VERONICA-e1758464518569.png\" alt=\"LOGO-VERONICA-e1758464518569.png\" loading=\"lazy\" \/>\t\t\t\t\t\t\t\t\t\t\t\t\t\t\t<\/div>\n\t\t\t\t<\/div>\n\t\t<div class=\"elementor-element elementor-element-6319e37 e-con-full e-flex e-con e-child\" data-id=\"6319e37\" data-element_type=\"container\">\n\t\t\t\t<div class=\"elementor-element elementor-element-5b983c2 elementor-widget elementor-widget-spacer\" data-id=\"5b983c2\" data-element_type=\"widget\" data-widget_type=\"spacer.default\">\n\t\t\t\t\t\t\t<div class=\"elementor-spacer\">\n\t\t\t<div class=\"elementor-spacer-inner\"><\/div>\n\t\t<\/div>\n\t\t\t\t\t\t<\/div>\n\t\t\t\t<div class=\"elementor-element elementor-element-9a6bfb3 elementor-widget elementor-widget-text-editor\" data-id=\"9a6bfb3\" data-element_type=\"widget\" data-widget_type=\"text-editor.default\">\n\t\t\t\t\t\t\t\t\t<p><span style=\"color: #ffffff;\">Pol\u00edtica de privacidad | Pol\u00edtica de Cookies | Condiciones del Servicio<\/span><\/p><p><span style=\"color: #ffffff;\">Todos los derechos reservados marca<\/span><\/p>\t\t\t\t\t\t\t\t<\/div>\n\t\t\t\t<div class=\"elementor-element elementor-element-edb9f85 elementor-position-left elementor-mobile-position-block-start elementor-view-default elementor-widget elementor-widget-icon-box\" data-id=\"edb9f85\" data-element_type=\"widget\" data-widget_type=\"icon-box.default\">\n\t\t\t\t\t\t\t<div class=\"elementor-icon-box-wrapper\">\n\n\t\t\t\t\t\t<div class=\"elementor-icon-box-icon\">\n\t\t\t\t<a href=\"https:\/\/www.instagram.com\/loslazosdeamornuncamueren\/\" class=\"elementor-icon\" tabindex=\"-1\">\n\t\t\t\t<svg aria-hidden=\"true\" class=\"e-font-icon-svg e-fab-instagram\" viewBox=\"0 0 448 512\" xmlns=\"http:\/\/www.w3.org\/2000\/svg\"><path d=\"M224.1 141c-63.6 0-114.9 51.3-114.9 114.9s51.3 114.9 114.9 114.9S339 319.5 339 255.9 287.7 141 224.1 141zm0 189.6c-41.1 0-74.7-33.5-74.7-74.7s33.5-74.7 74.7-74.7 74.7 33.5 74.7 74.7-33.6 74.7-74.7 74.7zm146.4-194.3c0 14.9-12 26.8-26.8 26.8-14.9 0-26.8-12-26.8-26.8s12-26.8 26.8-26.8 26.8 12 26.8 26.8zm76.1 27.2c-1.7-35.9-9.9-67.7-36.2-93.9-26.2-26.2-58-34.4-93.9-36.2-37-2.1-147.9-2.1-184.9 0-35.8 1.7-67.6 9.9-93.9 36.1s-34.4 58-36.2 93.9c-2.1 37-2.1 147.9 0 184.9 1.7 35.9 9.9 67.7 36.2 93.9s58 34.4 93.9 36.2c37 2.1 147.9 2.1 184.9 0 35.9-1.7 67.7-9.9 93.9-36.2 26.2-26.2 34.4-58 36.2-93.9 2.1-37 2.1-147.8 0-184.8zM398.8 388c-7.8 19.6-22.9 34.7-42.6 42.6-29.5 11.7-99.5 9-132.1 9s-102.7 2.6-132.1-9c-19.6-7.8-34.7-22.9-42.6-42.6-11.7-29.5-9-99.5-9-132.1s-2.6-102.7 9-132.1c7.8-19.6 22.9-34.7 42.6-42.6 29.5-11.7 99.5-9 132.1-9s102.7-2.6 132.1 9c19.6 7.8 34.7 22.9 42.6 42.6 11.7 29.5 9 99.5 9 132.1s2.7 102.7-9 132.1z\"><\/path><\/svg>\t\t\t\t<\/a>\n\t\t\t<\/div>\n\t\t\t\n\t\t\t\n\t\t<\/div>\n\t\t\t\t\t\t<\/div>\n\t\t\t\t<\/div>\n\t\t\t\t\t<\/div>\n\t\t\t\t<\/div>\n\t\t\t\t<\/div>\n\t\t\t\t<\/div>\n\t\t","protected":false},"excerpt":{"rendered":"<p>ADA Acompa\u00f1amiento en el Duelo Animal Abrir este camino ACOMPA\u00d1AMIENTO EN EL DUELO ANIMAL El duelo no es un lugar donde quedarse atrapado, sino un camino a transitar paso a paso. Y \u00a1no!, no puedo devolverte a tu hijo de coraz\u00f3n\u2026 pero s\u00ed puedo acompa\u00f1arte en este camino. Porque el dolor no desaparece con el &#8230; <a title=\"Plantilla Veronica servicio\" class=\"read-more\" href=\"https:\/\/plantillasweb.eu\/index.php\/plantilla-veronica-servicio\/\" aria-label=\"Leer m\u00e1s sobre Plantilla Veronica servicio\">Leer m\u00e1s<\/a><\/p>\n","protected":false},"author":1,"featured_media":0,"parent":0,"menu_order":0,"comment_status":"closed","ping_status":"closed","template":"elementor_canvas","meta":{"footnotes":""},"class_list":["post-858","page","type-page","status-publish"],"_links":{"self":[{"href":"https:\/\/plantillasweb.eu\/index.php\/wp-json\/wp\/v2\/pages\/858","targetHints":{"allow":["GET"]}}],"collection":[{"href":"https:\/\/plantillasweb.eu\/index.php\/wp-json\/wp\/v2\/pages"}],"about":[{"href":"https:\/\/plantillasweb.eu\/index.php\/wp-json\/wp\/v2\/types\/page"}],"author":[{"embeddable":true,"href":"https:\/\/plantillasweb.eu\/index.php\/wp-json\/wp\/v2\/users\/1"}],"replies":[{"embeddable":true,"href":"https:\/\/plantillasweb.eu\/index.php\/wp-json\/wp\/v2\/comments?post=858"}],"version-history":[{"count":7,"href":"https:\/\/plantillasweb.eu\/index.php\/wp-json\/wp\/v2\/pages\/858\/revisions"}],"predecessor-version":[{"id":866,"href":"https:\/\/plantillasweb.eu\/index.php\/wp-json\/wp\/v2\/pages\/858\/revisions\/866"}],"wp:attachment":[{"href":"https:\/\/plantillasweb.eu\/index.php\/wp-json\/wp\/v2\/media?parent=858"}],"curies":[{"name":"wp","href":"https:\/\/api.w.org\/{rel}","templated":true}]}}