{"id":841,"date":"2026-01-09T11:01:47","date_gmt":"2026-01-09T11:01:47","guid":{"rendered":"https:\/\/plantillasweb.eu\/?page_id=841"},"modified":"2026-01-09T11:03:02","modified_gmt":"2026-01-09T11:03:02","slug":"plantilla-chiara-blog","status":"publish","type":"page","link":"https:\/\/plantillasweb.eu\/index.php\/plantilla-chiara-blog\/","title":{"rendered":"Plantilla chiara blog"},"content":{"rendered":"\t\t<div data-elementor-type=\"wp-page\" data-elementor-id=\"841\" class=\"elementor elementor-841\" data-elementor-post-type=\"page\">\n\t\t\t\t<div class=\"elementor-element elementor-element-fe29796 e-con-full e-flex e-con e-parent\" data-id=\"fe29796\" data-element_type=\"container\">\n\t\t<div class=\"elementor-element elementor-element-de2a120 e-flex e-con-boxed e-con e-child\" data-id=\"de2a120\" data-element_type=\"container\" data-settings=\"{&quot;background_background&quot;:&quot;classic&quot;}\">\n\t\t\t\t\t<div class=\"e-con-inner\">\n\t\t<div class=\"elementor-element elementor-element-9051ccd e-con-full e-flex e-con e-child\" data-id=\"9051ccd\" data-element_type=\"container\">\n\t\t\t\t<div class=\"elementor-element elementor-element-00ff549 elementor-nav-menu--dropdown-tablet elementor-nav-menu__text-align-aside elementor-nav-menu--toggle elementor-nav-menu--burger elementor-widget elementor-widget-nav-menu\" data-id=\"00ff549\" data-element_type=\"widget\" data-settings=\"{&quot;layout&quot;:&quot;horizontal&quot;,&quot;submenu_icon&quot;:{&quot;value&quot;:&quot;&lt;svg aria-hidden=\\&quot;true\\&quot; class=\\&quot;e-font-icon-svg e-fas-caret-down\\&quot; viewBox=\\&quot;0 0 320 512\\&quot; xmlns=\\&quot;http:\\\/\\\/www.w3.org\\\/2000\\\/svg\\&quot;&gt;&lt;path d=\\&quot;M31.3 192h257.3c17.8 0 26.7 21.5 14.1 34.1L174.1 354.8c-7.8 7.8-20.5 7.8-28.3 0L17.2 226.1C4.6 213.5 13.5 192 31.3 192z\\&quot;&gt;&lt;\\\/path&gt;&lt;\\\/svg&gt;&quot;,&quot;library&quot;:&quot;fa-solid&quot;},&quot;toggle&quot;:&quot;burger&quot;}\" data-widget_type=\"nav-menu.default\">\n\t\t\t\t\t\t\t\t<nav aria-label=\"Men\u00fa\" class=\"elementor-nav-menu--main elementor-nav-menu__container elementor-nav-menu--layout-horizontal e--pointer-underline e--animation-fade\">\n\t\t\t\t<ul id=\"menu-1-00ff549\" class=\"elementor-nav-menu\"><li class=\"menu-item menu-item-type-post_type menu-item-object-page menu-item-217\"><a href=\"https:\/\/plantillasweb.eu\/index.php\/plantilla-psicologa-inicio\/\" class=\"elementor-item\">Plantilla Psic\u00f3loga Inicio<\/a><\/li>\n<\/ul>\t\t\t<\/nav>\n\t\t\t\t\t<div class=\"elementor-menu-toggle\" role=\"button\" tabindex=\"0\" aria-label=\"Menu Toggle\" aria-expanded=\"false\">\n\t\t\t<svg aria-hidden=\"true\" role=\"presentation\" class=\"elementor-menu-toggle__icon--open e-font-icon-svg e-eicon-menu-bar\" viewBox=\"0 0 1000 1000\" xmlns=\"http:\/\/www.w3.org\/2000\/svg\"><path d=\"M104 333H896C929 333 958 304 958 271S929 208 896 208H104C71 208 42 237 42 271S71 333 104 333ZM104 583H896C929 583 958 554 958 521S929 458 896 458H104C71 458 42 487 42 521S71 583 104 583ZM104 833H896C929 833 958 804 958 771S929 708 896 708H104C71 708 42 737 42 771S71 833 104 833Z\"><\/path><\/svg><svg aria-hidden=\"true\" role=\"presentation\" class=\"elementor-menu-toggle__icon--close e-font-icon-svg e-eicon-close\" viewBox=\"0 0 1000 1000\" xmlns=\"http:\/\/www.w3.org\/2000\/svg\"><path d=\"M742 167L500 408 258 167C246 154 233 150 217 150 196 150 179 158 167 167 154 179 150 196 150 212 150 229 154 242 171 254L408 500 167 742C138 771 138 800 167 829 196 858 225 858 254 829L496 587 738 829C750 842 767 846 783 846 800 846 817 842 829 829 842 817 846 804 846 783 846 767 842 750 829 737L588 500 833 258C863 229 863 200 833 171 804 137 775 137 742 167Z\"><\/path><\/svg>\t\t<\/div>\n\t\t\t\t\t<nav class=\"elementor-nav-menu--dropdown elementor-nav-menu__container\" aria-hidden=\"true\">\n\t\t\t\t<ul id=\"menu-2-00ff549\" class=\"elementor-nav-menu\"><li class=\"menu-item menu-item-type-post_type menu-item-object-page menu-item-217\"><a href=\"https:\/\/plantillasweb.eu\/index.php\/plantilla-psicologa-inicio\/\" class=\"elementor-item\" tabindex=\"-1\">Plantilla Psic\u00f3loga Inicio<\/a><\/li>\n<\/ul>\t\t\t<\/nav>\n\t\t\t\t\t\t<\/div>\n\t\t<div class=\"elementor-element elementor-element-4b8d79b e-con-full e-flex e-con e-child\" data-id=\"4b8d79b\" data-element_type=\"container\" data-settings=\"{&quot;background_background&quot;:&quot;classic&quot;}\">\n\t\t\t\t<div class=\"elementor-element elementor-element-fc7a036 elementor-widget elementor-widget-heading\" data-id=\"fc7a036\" data-element_type=\"widget\" data-widget_type=\"heading.default\">\n\t\t\t\t\t<h1 class=\"elementor-heading-title elementor-size-default\">BLOG<\/h1>\t\t\t\t<\/div>\n\t\t\t\t<div class=\"elementor-element elementor-element-b61d040 elementor-widget elementor-widget-image\" data-id=\"b61d040\" data-element_type=\"widget\" data-widget_type=\"image.default\">\n\t\t\t\t\t\t\t\t\t\t\t\t\t\t\t<img decoding=\"async\" width=\"300\" height=\"118\" src=\"https:\/\/plantillasweb.eu\/wp-content\/uploads\/2026\/01\/LOGO-ADA-FINAL-BLANCO-300x118.png\" class=\"attachment-medium size-medium wp-image-802\" alt=\"\" srcset=\"https:\/\/plantillasweb.eu\/wp-content\/uploads\/2026\/01\/LOGO-ADA-FINAL-BLANCO-300x118.png 300w, https:\/\/plantillasweb.eu\/wp-content\/uploads\/2026\/01\/LOGO-ADA-FINAL-BLANCO-1024x403.png 1024w, https:\/\/plantillasweb.eu\/wp-content\/uploads\/2026\/01\/LOGO-ADA-FINAL-BLANCO-768x302.png 768w, https:\/\/plantillasweb.eu\/wp-content\/uploads\/2026\/01\/LOGO-ADA-FINAL-BLANCO-1536x604.png 1536w, https:\/\/plantillasweb.eu\/wp-content\/uploads\/2026\/01\/LOGO-ADA-FINAL-BLANCO.png 1920w\" sizes=\"(max-width: 300px) 100vw, 300px\" \/>\t\t\t\t\t\t\t\t\t\t\t\t\t\t\t<\/div>\n\t\t\t\t<\/div>\n\t\t\t\t<\/div>\n\t\t\t\t\t<\/div>\n\t\t\t\t<\/div>\n\t\t\t\t<\/div>\n\t\t<div class=\"elementor-element elementor-element-69155ce e-con-full e-flex e-con e-parent\" data-id=\"69155ce\" data-element_type=\"container\">\n\t\t<div class=\"elementor-element elementor-element-2c58efc e-flex e-con-boxed e-con e-child\" data-id=\"2c58efc\" data-element_type=\"container\" data-settings=\"{&quot;shape_divider_top&quot;:&quot;opacity-tilt&quot;}\">\n\t\t\t\t\t<div class=\"e-con-inner\">\n\t\t\t\t<div class=\"elementor-shape elementor-shape-top\" aria-hidden=\"true\" data-negative=\"false\">\n\t\t\t<svg xmlns=\"http:\/\/www.w3.org\/2000\/svg\" viewBox=\"0 0 2600 131.1\" preserveAspectRatio=\"none\">\n\t<path class=\"elementor-shape-fill\" d=\"M0 0L2600 0 2600 69.1 0 0z\"\/>\n\t<path class=\"elementor-shape-fill\" style=\"opacity:0.5\" d=\"M0 0L2600 0 2600 69.1 0 69.1z\"\/>\n\t<path class=\"elementor-shape-fill\" style=\"opacity:0.25\" d=\"M2600 0L0 0 0 130.1 2600 69.1z\"\/>\n<\/svg>\t\t<\/div>\n\t\t\t\t<div class=\"elementor-element elementor-element-2982c78 elementor-widget elementor-widget-spacer\" data-id=\"2982c78\" data-element_type=\"widget\" data-widget_type=\"spacer.default\">\n\t\t\t\t\t\t\t<div class=\"elementor-spacer\">\n\t\t\t<div class=\"elementor-spacer-inner\"><\/div>\n\t\t<\/div>\n\t\t\t\t\t\t<\/div>\n\t\t<div class=\"elementor-element elementor-element-c269938 e-grid e-con-full e-con e-child\" data-id=\"c269938\" data-element_type=\"container\">\n\t\t<div class=\"elementor-element elementor-element-09c247c e-con-full e-flex e-con e-child\" data-id=\"09c247c\" data-element_type=\"container\" data-settings=\"{&quot;background_background&quot;:&quot;classic&quot;}\">\n\t\t<div class=\"elementor-element elementor-element-7a98416 e-con-full e-flex e-con e-child\" data-id=\"7a98416\" data-element_type=\"container\" data-settings=\"{&quot;background_background&quot;:&quot;classic&quot;}\">\n\t\t\t\t<\/div>\n\t\t\t\t<div class=\"elementor-element elementor-element-23f5e4a elementor-widget elementor-widget-heading\" data-id=\"23f5e4a\" data-element_type=\"widget\" data-widget_type=\"heading.default\">\n\t\t\t\t\t<h2 class=\"elementor-heading-title elementor-size-default\">Aqu\u00ed va un titulo de la entrada<\/h2>\t\t\t\t<\/div>\n\t\t\t\t<div class=\"elementor-element elementor-element-a8de01e elementor-widget elementor-widget-heading\" data-id=\"a8de01e\" data-element_type=\"widget\" data-widget_type=\"heading.default\">\n\t\t\t\t\t<h4 class=\"elementor-heading-title elementor-size-default\">Aqu\u00ed se pone una peque\u00f1a descripci\u00f3n Lorem ipsum dolor sit amet consectetur adipiscing elit, vel tincidunt euismod malesuada vel tincidunt euismod malesuada vel tincidunt euismod malesuada <\/h4>\t\t\t\t<\/div>\n\t\t\t\t<div class=\"elementor-element elementor-element-c5438c9 elementor-widget elementor-widget-heading\" data-id=\"c5438c9\" data-element_type=\"widget\" data-widget_type=\"heading.default\">\n\t\t\t\t\t<h3 class=\"elementor-heading-title elementor-size-default\">Leer m\u00e1s \u2192<\/h3>\t\t\t\t<\/div>\n\t\t\t\t<div class=\"elementor-element elementor-element-1cb40ee elementor-widget-divider--view-line elementor-widget elementor-widget-divider\" data-id=\"1cb40ee\" data-element_type=\"widget\" data-widget_type=\"divider.default\">\n\t\t\t\t\t\t\t<div class=\"elementor-divider\">\n\t\t\t<span class=\"elementor-divider-separator\">\n\t\t\t\t\t\t<\/span>\n\t\t<\/div>\n\t\t\t\t\t\t<\/div>\n\t\t\t\t<div class=\"elementor-element elementor-element-bc6356c elementor-widget elementor-widget-text-editor\" data-id=\"bc6356c\" data-element_type=\"widget\" data-widget_type=\"text-editor.default\">\n\t\t\t\t\t\t\t\t\t<p>30\/10\/2025<\/p>\t\t\t\t\t\t\t\t<\/div>\n\t\t\t\t<\/div>\n\t\t<div class=\"elementor-element elementor-element-d3c574e e-con-full e-flex e-con e-child\" data-id=\"d3c574e\" data-element_type=\"container\" data-settings=\"{&quot;background_background&quot;:&quot;classic&quot;}\">\n\t\t<div class=\"elementor-element elementor-element-fb204d2 e-con-full e-flex e-con e-child\" data-id=\"fb204d2\" data-element_type=\"container\" data-settings=\"{&quot;background_background&quot;:&quot;classic&quot;}\">\n\t\t\t\t<\/div>\n\t\t\t\t<div class=\"elementor-element elementor-element-6101a09 elementor-widget elementor-widget-heading\" data-id=\"6101a09\" data-element_type=\"widget\" data-widget_type=\"heading.default\">\n\t\t\t\t\t<h2 class=\"elementor-heading-title elementor-size-default\">Aqu\u00ed va un titulo de la entrada<\/h2>\t\t\t\t<\/div>\n\t\t\t\t<div class=\"elementor-element elementor-element-79262dc elementor-widget elementor-widget-heading\" data-id=\"79262dc\" data-element_type=\"widget\" data-widget_type=\"heading.default\">\n\t\t\t\t\t<h4 class=\"elementor-heading-title elementor-size-default\">Aqu\u00ed se pone una peque\u00f1a descripci\u00f3n Lorem ipsum dolor sit amet consectetur adipiscing elit, vel tincidunt euismod malesuada vel tincidunt euismod malesuada vel tincidunt euismod malesuada <\/h4>\t\t\t\t<\/div>\n\t\t\t\t<div class=\"elementor-element elementor-element-53f6929 elementor-widget elementor-widget-heading\" data-id=\"53f6929\" data-element_type=\"widget\" data-widget_type=\"heading.default\">\n\t\t\t\t\t<h3 class=\"elementor-heading-title elementor-size-default\">Leer m\u00e1s \u2192<\/h3>\t\t\t\t<\/div>\n\t\t\t\t<div class=\"elementor-element elementor-element-e8426d8 elementor-widget-divider--view-line elementor-widget elementor-widget-divider\" data-id=\"e8426d8\" data-element_type=\"widget\" data-widget_type=\"divider.default\">\n\t\t\t\t\t\t\t<div class=\"elementor-divider\">\n\t\t\t<span class=\"elementor-divider-separator\">\n\t\t\t\t\t\t<\/span>\n\t\t<\/div>\n\t\t\t\t\t\t<\/div>\n\t\t\t\t<div class=\"elementor-element elementor-element-71aa079 elementor-widget elementor-widget-text-editor\" data-id=\"71aa079\" data-element_type=\"widget\" data-widget_type=\"text-editor.default\">\n\t\t\t\t\t\t\t\t\t<p>30\/10\/2025<\/p>\t\t\t\t\t\t\t\t<\/div>\n\t\t\t\t<\/div>\n\t\t<div class=\"elementor-element elementor-element-d751fa9 e-con-full e-flex e-con e-child\" data-id=\"d751fa9\" data-element_type=\"container\" data-settings=\"{&quot;background_background&quot;:&quot;classic&quot;}\">\n\t\t<div class=\"elementor-element elementor-element-874b384 e-con-full e-flex e-con e-child\" data-id=\"874b384\" data-element_type=\"container\" data-settings=\"{&quot;background_background&quot;:&quot;classic&quot;}\">\n\t\t\t\t<\/div>\n\t\t\t\t<div class=\"elementor-element elementor-element-c8cd3b3 elementor-widget elementor-widget-heading\" data-id=\"c8cd3b3\" data-element_type=\"widget\" data-widget_type=\"heading.default\">\n\t\t\t\t\t<h2 class=\"elementor-heading-title elementor-size-default\">Aqu\u00ed va un titulo de la entrada<\/h2>\t\t\t\t<\/div>\n\t\t\t\t<div class=\"elementor-element elementor-element-200024d elementor-widget elementor-widget-heading\" data-id=\"200024d\" data-element_type=\"widget\" data-widget_type=\"heading.default\">\n\t\t\t\t\t<h4 class=\"elementor-heading-title elementor-size-default\">Aqu\u00ed se pone una peque\u00f1a descripci\u00f3n Lorem ipsum dolor sit amet consectetur adipiscing elit, vel tincidunt euismod malesuada vel tincidunt euismod malesuada vel tincidunt euismod malesuada <\/h4>\t\t\t\t<\/div>\n\t\t\t\t<div class=\"elementor-element elementor-element-a8075e8 elementor-widget elementor-widget-heading\" data-id=\"a8075e8\" data-element_type=\"widget\" data-widget_type=\"heading.default\">\n\t\t\t\t\t<h3 class=\"elementor-heading-title elementor-size-default\">Leer m\u00e1s \u2192<\/h3>\t\t\t\t<\/div>\n\t\t\t\t<div class=\"elementor-element elementor-element-15fd3d3 elementor-widget-divider--view-line elementor-widget elementor-widget-divider\" data-id=\"15fd3d3\" data-element_type=\"widget\" data-widget_type=\"divider.default\">\n\t\t\t\t\t\t\t<div class=\"elementor-divider\">\n\t\t\t<span class=\"elementor-divider-separator\">\n\t\t\t\t\t\t<\/span>\n\t\t<\/div>\n\t\t\t\t\t\t<\/div>\n\t\t\t\t<div class=\"elementor-element elementor-element-a9cdbc2 elementor-widget elementor-widget-text-editor\" data-id=\"a9cdbc2\" data-element_type=\"widget\" data-widget_type=\"text-editor.default\">\n\t\t\t\t\t\t\t\t\t<p>30\/10\/2025<\/p>\t\t\t\t\t\t\t\t<\/div>\n\t\t\t\t<\/div>\n\t\t\t\t<\/div>\n\t\t\t\t\t<\/div>\n\t\t\t\t<\/div>\n\t\t\t\t<\/div>\n\t\t<div class=\"elementor-element elementor-element-7d0cf05 e-con-full e-flex e-con e-parent\" data-id=\"7d0cf05\" data-element_type=\"container\">\n\t\t<div class=\"elementor-element elementor-element-7064445 e-con-full e-flex e-con e-child\" data-id=\"7064445\" data-element_type=\"container\" data-settings=\"{&quot;background_background&quot;:&quot;classic&quot;}\">\n\t\t<div class=\"elementor-element elementor-element-6ad1027 e-grid e-con-full e-con e-child\" data-id=\"6ad1027\" data-element_type=\"container\">\n\t\t<div class=\"elementor-element elementor-element-3fbb444 e-con-full e-flex e-con e-child\" data-id=\"3fbb444\" data-element_type=\"container\">\n\t\t\t\t<div class=\"elementor-element elementor-element-4766642 elementor-widget elementor-widget-image\" data-id=\"4766642\" data-element_type=\"widget\" data-widget_type=\"image.default\">\n\t\t\t\t\t\t\t\t\t\t\t\t\t\t\t<img decoding=\"async\" src=\"https:\/\/plantillasweb.eu\/wp-content\/uploads\/elementor\/thumbs\/LOGO-ADA-FINAL-BLANCO-rhecpawxq8hklgphip2muss97k0gxfshusxnl134sg.png\" title=\"LOGO-ADA-FINAL-BLANCO.png\" alt=\"LOGO-ADA-FINAL-BLANCO.png\" loading=\"lazy\" \/>\t\t\t\t\t\t\t\t\t\t\t\t\t\t\t<\/div>\n\t\t\t\t<\/div>\n\t\t<div class=\"elementor-element elementor-element-df4c134 e-con-full e-flex e-con e-child\" data-id=\"df4c134\" data-element_type=\"container\">\n\t\t\t\t<div class=\"elementor-element elementor-element-cc5eeca elementor-widget elementor-widget-text-editor\" data-id=\"cc5eeca\" data-element_type=\"widget\" data-widget_type=\"text-editor.default\">\n\t\t\t\t\t\t\t\t\t<p>Pol\u00edtica de privacidad<\/p><p>Pol\u00edtica de servicios<\/p><p>Pol\u00edtica de Cookies<\/p>\t\t\t\t\t\t\t\t<\/div>\n\t\t\t\t<\/div>\n\t\t<div class=\"elementor-element elementor-element-1c1d241 e-con-full e-flex e-con e-child\" data-id=\"1c1d241\" data-element_type=\"container\">\n\t\t\t\t<div class=\"elementor-element elementor-element-0cc165b elementor-widget elementor-widget-image\" data-id=\"0cc165b\" data-element_type=\"widget\" data-widget_type=\"image.default\">\n\t\t\t\t\t\t\t\t\t\t\t\t\t\t\t<img decoding=\"async\" src=\"https:\/\/plantillasweb.eu\/wp-content\/uploads\/elementor\/thumbs\/SD43-rhectfffq24vjuprfh9osrb32fogpm63380deqyxhc.png\" title=\"SD43.png\" alt=\"SD43.png\" loading=\"lazy\" \/>\t\t\t\t\t\t\t\t\t\t\t\t\t\t\t<\/div>\n\t\t\t\t<\/div>\n\t\t\t\t<\/div>\n\t\t\t\t<div class=\"elementor-element elementor-element-5ad7009 elementor-widget elementor-widget-text-editor\" data-id=\"5ad7009\" data-element_type=\"widget\" data-widget_type=\"text-editor.default\">\n\t\t\t\t\t\t\t\t\t<p>Chiara Ballesteros | Todos los derechos reservados<\/p>\t\t\t\t\t\t\t\t<\/div>\n\t\t\t\t<\/div>\n\t\t\t\t<\/div>\n\t\t\t\t<\/div>\n\t\t","protected":false},"excerpt":{"rendered":"<p>BLOG Aqu\u00ed va un titulo de la entrada Aqu\u00ed se pone una peque\u00f1a descripci\u00f3n Lorem ipsum dolor sit amet consectetur adipiscing elit, vel tincidunt euismod malesuada vel tincidunt euismod malesuada vel tincidunt euismod malesuada Leer m\u00e1s \u2192 30\/10\/2025 Aqu\u00ed va un titulo de la entrada Aqu\u00ed se pone una peque\u00f1a descripci\u00f3n Lorem ipsum dolor sit &#8230; <a title=\"Plantilla chiara blog\" class=\"read-more\" href=\"https:\/\/plantillasweb.eu\/index.php\/plantilla-chiara-blog\/\" aria-label=\"Leer m\u00e1s sobre Plantilla chiara blog\">Leer m\u00e1s<\/a><\/p>\n","protected":false},"author":1,"featured_media":0,"parent":0,"menu_order":0,"comment_status":"closed","ping_status":"closed","template":"elementor_canvas","meta":{"footnotes":""},"class_list":["post-841","page","type-page","status-publish"],"_links":{"self":[{"href":"https:\/\/plantillasweb.eu\/index.php\/wp-json\/wp\/v2\/pages\/841","targetHints":{"allow":["GET"]}}],"collection":[{"href":"https:\/\/plantillasweb.eu\/index.php\/wp-json\/wp\/v2\/pages"}],"about":[{"href":"https:\/\/plantillasweb.eu\/index.php\/wp-json\/wp\/v2\/types\/page"}],"author":[{"embeddable":true,"href":"https:\/\/plantillasweb.eu\/index.php\/wp-json\/wp\/v2\/users\/1"}],"replies":[{"embeddable":true,"href":"https:\/\/plantillasweb.eu\/index.php\/wp-json\/wp\/v2\/comments?post=841"}],"version-history":[{"count":4,"href":"https:\/\/plantillasweb.eu\/index.php\/wp-json\/wp\/v2\/pages\/841\/revisions"}],"predecessor-version":[{"id":845,"href":"https:\/\/plantillasweb.eu\/index.php\/wp-json\/wp\/v2\/pages\/841\/revisions\/845"}],"wp:attachment":[{"href":"https:\/\/plantillasweb.eu\/index.php\/wp-json\/wp\/v2\/media?parent=841"}],"curies":[{"name":"wp","href":"https:\/\/api.w.org\/{rel}","templated":true}]}}