{"id":749,"date":"2026-01-08T11:47:20","date_gmt":"2026-01-08T11:47:20","guid":{"rendered":"https:\/\/plantillasweb.eu\/?page_id=749"},"modified":"2026-01-08T11:57:24","modified_gmt":"2026-01-08T11:57:24","slug":"plantilla-liliana-servicio","status":"publish","type":"page","link":"https:\/\/plantillasweb.eu\/index.php\/plantilla-liliana-servicio\/","title":{"rendered":"Plantilla Liliana Servicio"},"content":{"rendered":"\t\t<div data-elementor-type=\"wp-page\" data-elementor-id=\"749\" class=\"elementor elementor-749\" data-elementor-post-type=\"page\">\n\t\t\t\t<div class=\"elementor-element elementor-element-6e72fcd e-con-full elementor-hidden-desktop elementor-hidden-tablet e-flex e-con e-parent\" data-id=\"6e72fcd\" data-element_type=\"container\">\n\t\t<div class=\"elementor-element elementor-element-c84a9ff e-con-full elementor-hidden-tablet e-flex e-con e-child\" data-id=\"c84a9ff\" data-element_type=\"container\" data-settings=\"{&quot;background_background&quot;:&quot;classic&quot;}\">\n\t\t<div class=\"elementor-element elementor-element-63047be e-grid e-con-full e-con e-child\" data-id=\"63047be\" data-element_type=\"container\">\n\t\t<div class=\"elementor-element elementor-element-6c95438 e-con-full e-flex e-con e-child\" data-id=\"6c95438\" data-element_type=\"container\">\n\t\t\t\t<div class=\"elementor-element elementor-element-2f171c4 elementor-widget elementor-widget-heading\" data-id=\"2f171c4\" data-element_type=\"widget\" data-widget_type=\"heading.default\">\n\t\t\t\t\t<h1 class=\"elementor-heading-title elementor-size-default\"><br>ACOMPA\u00d1ANTE<br><br>EN EL DUELO<br><br>ANIMAL<\/h1>\t\t\t\t<\/div>\n\t\t\t\t<\/div>\n\t\t<div class=\"elementor-element elementor-element-e4fecd4 e-con-full e-flex e-con e-child\" data-id=\"e4fecd4\" data-element_type=\"container\" data-settings=\"{&quot;background_background&quot;:&quot;classic&quot;}\">\n\t\t<div class=\"elementor-element elementor-element-654dcd5 e-con-full e-flex e-con e-child\" data-id=\"654dcd5\" data-element_type=\"container\" data-settings=\"{&quot;background_background&quot;:&quot;classic&quot;}\">\n\t\t\t\t<\/div>\n\t\t\t\t<\/div>\n\t\t\t\t<\/div>\n\t\t<div class=\"elementor-element elementor-element-3f67477 e-con-full e-flex e-con e-child\" data-id=\"3f67477\" data-element_type=\"container\">\n\t\t\t\t<div class=\"elementor-element elementor-element-e54a3f7 elementor-nav-menu__align-start elementor-nav-menu--dropdown-tablet elementor-nav-menu__text-align-aside elementor-nav-menu--toggle elementor-nav-menu--burger elementor-widget elementor-widget-nav-menu\" data-id=\"e54a3f7\" data-element_type=\"widget\" data-settings=\"{&quot;layout&quot;:&quot;horizontal&quot;,&quot;submenu_icon&quot;:{&quot;value&quot;:&quot;&lt;svg aria-hidden=\\&quot;true\\&quot; class=\\&quot;e-font-icon-svg e-fas-caret-down\\&quot; viewBox=\\&quot;0 0 320 512\\&quot; xmlns=\\&quot;http:\\\/\\\/www.w3.org\\\/2000\\\/svg\\&quot;&gt;&lt;path d=\\&quot;M31.3 192h257.3c17.8 0 26.7 21.5 14.1 34.1L174.1 354.8c-7.8 7.8-20.5 7.8-28.3 0L17.2 226.1C4.6 213.5 13.5 192 31.3 192z\\&quot;&gt;&lt;\\\/path&gt;&lt;\\\/svg&gt;&quot;,&quot;library&quot;:&quot;fa-solid&quot;},&quot;toggle&quot;:&quot;burger&quot;}\" data-widget_type=\"nav-menu.default\">\n\t\t\t\t\t\t\t\t<nav aria-label=\"Menu\" class=\"elementor-nav-menu--main elementor-nav-menu__container elementor-nav-menu--layout-horizontal e--pointer-underline e--animation-fade\">\n\t\t\t\t<ul id=\"menu-1-e54a3f7\" class=\"elementor-nav-menu\"><li class=\"menu-item menu-item-type-post_type menu-item-object-page menu-item-217\"><a href=\"https:\/\/plantillasweb.eu\/index.php\/plantilla-psicologa-inicio\/\" class=\"elementor-item\">Plantilla Psic\u00f3loga Inicio<\/a><\/li>\n<\/ul>\t\t\t<\/nav>\n\t\t\t\t\t<div class=\"elementor-menu-toggle\" role=\"button\" tabindex=\"0\" aria-label=\"Menu Toggle\" aria-expanded=\"false\">\n\t\t\t<svg aria-hidden=\"true\" role=\"presentation\" class=\"elementor-menu-toggle__icon--open e-font-icon-svg e-eicon-menu-bar\" viewBox=\"0 0 1000 1000\" xmlns=\"http:\/\/www.w3.org\/2000\/svg\"><path d=\"M104 333H896C929 333 958 304 958 271S929 208 896 208H104C71 208 42 237 42 271S71 333 104 333ZM104 583H896C929 583 958 554 958 521S929 458 896 458H104C71 458 42 487 42 521S71 583 104 583ZM104 833H896C929 833 958 804 958 771S929 708 896 708H104C71 708 42 737 42 771S71 833 104 833Z\"><\/path><\/svg><svg aria-hidden=\"true\" role=\"presentation\" class=\"elementor-menu-toggle__icon--close e-font-icon-svg e-eicon-close\" viewBox=\"0 0 1000 1000\" xmlns=\"http:\/\/www.w3.org\/2000\/svg\"><path d=\"M742 167L500 408 258 167C246 154 233 150 217 150 196 150 179 158 167 167 154 179 150 196 150 212 150 229 154 242 171 254L408 500 167 742C138 771 138 800 167 829 196 858 225 858 254 829L496 587 738 829C750 842 767 846 783 846 800 846 817 842 829 829 842 817 846 804 846 783 846 767 842 750 829 737L588 500 833 258C863 229 863 200 833 171 804 137 775 137 742 167Z\"><\/path><\/svg>\t\t<\/div>\n\t\t\t\t\t<nav class=\"elementor-nav-menu--dropdown elementor-nav-menu__container\" aria-hidden=\"true\">\n\t\t\t\t<ul id=\"menu-2-e54a3f7\" class=\"elementor-nav-menu\"><li class=\"menu-item menu-item-type-post_type menu-item-object-page menu-item-217\"><a href=\"https:\/\/plantillasweb.eu\/index.php\/plantilla-psicologa-inicio\/\" class=\"elementor-item\" tabindex=\"-1\">Plantilla Psic\u00f3loga Inicio<\/a><\/li>\n<\/ul>\t\t\t<\/nav>\n\t\t\t\t\t\t<\/div>\n\t\t\t\t<\/div>\n\t\t\t\t<\/div>\n\t\t\t\t<\/div>\n\t\t<div class=\"elementor-element elementor-element-21003bc e-con-full e-flex e-con e-parent\" data-id=\"21003bc\" data-element_type=\"container\">\n\t\t<div class=\"elementor-element elementor-element-595804a e-con-full elementor-hidden-mobile e-flex e-con e-child\" data-id=\"595804a\" data-element_type=\"container\" data-settings=\"{&quot;background_background&quot;:&quot;classic&quot;}\">\n\t\t<div class=\"elementor-element elementor-element-cd4e408 e-grid e-con-full e-con e-child\" data-id=\"cd4e408\" data-element_type=\"container\">\n\t\t<div class=\"elementor-element elementor-element-d4c3488 e-con-full e-flex e-con e-child\" data-id=\"d4c3488\" data-element_type=\"container\" data-settings=\"{&quot;background_background&quot;:&quot;classic&quot;}\">\n\t\t\t\t<\/div>\n\t\t<div class=\"elementor-element elementor-element-20bd2c7 e-con-full e-flex e-con e-child\" data-id=\"20bd2c7\" data-element_type=\"container\">\n\t\t\t\t<div class=\"elementor-element elementor-element-c12f246 elementor-widget elementor-widget-heading\" data-id=\"c12f246\" data-element_type=\"widget\" data-widget_type=\"heading.default\">\n\t\t\t\t\t<h1 class=\"elementor-heading-title elementor-size-default\">ACOMPA\u00d1ANTE<BR><BR>EN EL DUELO<BR><BR>ANIMAL<\/h1>\t\t\t\t<\/div>\n\t\t\t\t<\/div>\n\t\t<div class=\"elementor-element elementor-element-f34ab62 e-con-full e-flex e-con e-child\" data-id=\"f34ab62\" data-element_type=\"container\" data-settings=\"{&quot;background_background&quot;:&quot;classic&quot;}\">\n\t\t<div class=\"elementor-element elementor-element-e50639a e-con-full e-flex e-con e-child\" data-id=\"e50639a\" data-element_type=\"container\" data-settings=\"{&quot;background_background&quot;:&quot;classic&quot;}\">\n\t\t\t\t<\/div>\n\t\t\t\t<\/div>\n\t\t\t\t<\/div>\n\t\t<div class=\"elementor-element elementor-element-5dde1a9 e-con-full e-flex e-con e-child\" data-id=\"5dde1a9\" data-element_type=\"container\">\n\t\t\t\t<div class=\"elementor-element elementor-element-7f63816 elementor-nav-menu__align-start elementor-nav-menu--dropdown-tablet elementor-nav-menu__text-align-aside elementor-nav-menu--toggle elementor-nav-menu--burger elementor-widget elementor-widget-nav-menu\" data-id=\"7f63816\" data-element_type=\"widget\" data-settings=\"{&quot;layout&quot;:&quot;horizontal&quot;,&quot;submenu_icon&quot;:{&quot;value&quot;:&quot;&lt;svg aria-hidden=\\&quot;true\\&quot; class=\\&quot;e-font-icon-svg e-fas-caret-down\\&quot; viewBox=\\&quot;0 0 320 512\\&quot; xmlns=\\&quot;http:\\\/\\\/www.w3.org\\\/2000\\\/svg\\&quot;&gt;&lt;path d=\\&quot;M31.3 192h257.3c17.8 0 26.7 21.5 14.1 34.1L174.1 354.8c-7.8 7.8-20.5 7.8-28.3 0L17.2 226.1C4.6 213.5 13.5 192 31.3 192z\\&quot;&gt;&lt;\\\/path&gt;&lt;\\\/svg&gt;&quot;,&quot;library&quot;:&quot;fa-solid&quot;},&quot;toggle&quot;:&quot;burger&quot;}\" data-widget_type=\"nav-menu.default\">\n\t\t\t\t\t\t\t\t<nav aria-label=\"Menu\" class=\"elementor-nav-menu--main elementor-nav-menu__container elementor-nav-menu--layout-horizontal e--pointer-underline e--animation-fade\">\n\t\t\t\t<ul id=\"menu-1-7f63816\" class=\"elementor-nav-menu\"><li class=\"menu-item menu-item-type-post_type menu-item-object-page menu-item-217\"><a href=\"https:\/\/plantillasweb.eu\/index.php\/plantilla-psicologa-inicio\/\" class=\"elementor-item\">Plantilla Psic\u00f3loga Inicio<\/a><\/li>\n<\/ul>\t\t\t<\/nav>\n\t\t\t\t\t<div class=\"elementor-menu-toggle\" role=\"button\" tabindex=\"0\" aria-label=\"Menu Toggle\" aria-expanded=\"false\">\n\t\t\t<svg aria-hidden=\"true\" role=\"presentation\" class=\"elementor-menu-toggle__icon--open e-font-icon-svg e-eicon-menu-bar\" viewBox=\"0 0 1000 1000\" xmlns=\"http:\/\/www.w3.org\/2000\/svg\"><path d=\"M104 333H896C929 333 958 304 958 271S929 208 896 208H104C71 208 42 237 42 271S71 333 104 333ZM104 583H896C929 583 958 554 958 521S929 458 896 458H104C71 458 42 487 42 521S71 583 104 583ZM104 833H896C929 833 958 804 958 771S929 708 896 708H104C71 708 42 737 42 771S71 833 104 833Z\"><\/path><\/svg><svg aria-hidden=\"true\" role=\"presentation\" class=\"elementor-menu-toggle__icon--close e-font-icon-svg e-eicon-close\" viewBox=\"0 0 1000 1000\" xmlns=\"http:\/\/www.w3.org\/2000\/svg\"><path d=\"M742 167L500 408 258 167C246 154 233 150 217 150 196 150 179 158 167 167 154 179 150 196 150 212 150 229 154 242 171 254L408 500 167 742C138 771 138 800 167 829 196 858 225 858 254 829L496 587 738 829C750 842 767 846 783 846 800 846 817 842 829 829 842 817 846 804 846 783 846 767 842 750 829 737L588 500 833 258C863 229 863 200 833 171 804 137 775 137 742 167Z\"><\/path><\/svg>\t\t<\/div>\n\t\t\t\t\t<nav class=\"elementor-nav-menu--dropdown elementor-nav-menu__container\" aria-hidden=\"true\">\n\t\t\t\t<ul id=\"menu-2-7f63816\" class=\"elementor-nav-menu\"><li class=\"menu-item menu-item-type-post_type menu-item-object-page menu-item-217\"><a href=\"https:\/\/plantillasweb.eu\/index.php\/plantilla-psicologa-inicio\/\" class=\"elementor-item\" tabindex=\"-1\">Plantilla Psic\u00f3loga Inicio<\/a><\/li>\n<\/ul>\t\t\t<\/nav>\n\t\t\t\t\t\t<\/div>\n\t\t\t\t<\/div>\n\t\t\t\t<\/div>\n\t\t\t\t<\/div>\n\t\t<div class=\"elementor-element elementor-element-68b7f17 e-con-full e-flex e-con e-parent\" data-id=\"68b7f17\" data-element_type=\"container\">\n\t\t<div class=\"elementor-element elementor-element-5a00291 e-con-full e-flex e-con e-child\" data-id=\"5a00291\" data-element_type=\"container\" data-settings=\"{&quot;shape_divider_bottom&quot;:&quot;opacity-tilt&quot;,&quot;shape_divider_top&quot;:&quot;opacity-tilt&quot;}\">\n\t\t\t\t<div class=\"elementor-shape elementor-shape-top\" aria-hidden=\"true\" data-negative=\"false\">\n\t\t\t<svg xmlns=\"http:\/\/www.w3.org\/2000\/svg\" viewBox=\"0 0 2600 131.1\" preserveAspectRatio=\"none\">\n\t<path class=\"elementor-shape-fill\" d=\"M0 0L2600 0 2600 69.1 0 0z\"\/>\n\t<path class=\"elementor-shape-fill\" style=\"opacity:0.5\" d=\"M0 0L2600 0 2600 69.1 0 69.1z\"\/>\n\t<path class=\"elementor-shape-fill\" style=\"opacity:0.25\" d=\"M2600 0L0 0 0 130.1 2600 69.1z\"\/>\n<\/svg>\t\t<\/div>\n\t\t\t\t<div class=\"elementor-shape elementor-shape-bottom\" aria-hidden=\"true\" data-negative=\"false\">\n\t\t\t<svg xmlns=\"http:\/\/www.w3.org\/2000\/svg\" viewBox=\"0 0 2600 131.1\" preserveAspectRatio=\"none\">\n\t<path class=\"elementor-shape-fill\" d=\"M0 0L2600 0 2600 69.1 0 0z\"\/>\n\t<path class=\"elementor-shape-fill\" style=\"opacity:0.5\" d=\"M0 0L2600 0 2600 69.1 0 69.1z\"\/>\n\t<path class=\"elementor-shape-fill\" style=\"opacity:0.25\" d=\"M2600 0L0 0 0 130.1 2600 69.1z\"\/>\n<\/svg>\t\t<\/div>\n\t\t<div class=\"elementor-element elementor-element-6c8f371 e-con-full e-flex e-con e-child\" data-id=\"6c8f371\" data-element_type=\"container\">\n\t\t<div class=\"elementor-element elementor-element-f5fde98 e-con-full e-flex e-con e-child\" data-id=\"f5fde98\" data-element_type=\"container\">\n\t\t\t\t<div class=\"elementor-element elementor-element-753ac7d elementor-widget__width-initial elementor-widget elementor-widget-text-editor\" data-id=\"753ac7d\" data-element_type=\"widget\" data-widget_type=\"text-editor.default\">\n\t\t\t\t\t\t\t\t\t<p>Perder a un compa\u00f1ero animal es una de las experiencias m\u00e1s dolorosas que podemos experimentar. Muchas veces, el entorno no entiende la magnitud de ese v\u00ednculo, y la persona que lo sufre queda en soledad, con un dolor que parece no tener salida. Lo s\u00e9 porque lo viv\u00ed y lo sent\u00ed en mi alma con la partida de Karmelo, mi compa\u00f1ero de vida, cuya ausencia me llev\u00f3 a tocar fondo y a sumirme en un pozo tan profundo como oscuro. Ah\u00ed comprend\u00ed que nadie deber\u00eda transitar este camino sin apoyo. <\/p><p>Como Acompa\u00f1ante en Duelo Animal (ADA), mi labor es ofrecerte un espacio seguro donde tu dolor tenga un lugar leg\u00edtimo, donde puedas llorar sin sentirte juzgado y donde encuentres sost\u00e9n en los momentos m\u00e1s dif\u00edciles. Mi prop\u00f3sito es tenderte una mano, escucharte sin prisas, abrazar tu proceso y acompa\u00f1arte a transformar el duelo en un acto de amor hacia ti y hacia tu compa\u00f1ero.<\/p>\t\t\t\t\t\t\t\t<\/div>\n\t\t\t\t<\/div>\n\t\t<div class=\"elementor-element elementor-element-764547e e-con-full animated-slow e-flex elementor-invisible e-con e-child\" data-id=\"764547e\" data-element_type=\"container\" data-settings=\"{&quot;background_background&quot;:&quot;classic&quot;,&quot;background_motion_fx_motion_fx_scrolling&quot;:&quot;yes&quot;,&quot;animation&quot;:&quot;fadeInRight&quot;,&quot;background_motion_fx_devices&quot;:[&quot;desktop&quot;,&quot;tablet&quot;,&quot;mobile&quot;]}\">\n\t\t\t\t<\/div>\n\t\t\t\t<\/div>\n\t\t\t\t<\/div>\n\t\t\t\t<\/div>\n\t\t<div class=\"elementor-element elementor-element-4be8f09 e-con-full e-flex e-con e-parent\" data-id=\"4be8f09\" data-element_type=\"container\">\n\t\t<div class=\"elementor-element elementor-element-ebb1ea5 e-con-full e-flex e-con e-child\" data-id=\"ebb1ea5\" data-element_type=\"container\" data-settings=\"{&quot;shape_divider_bottom&quot;:&quot;opacity-tilt&quot;,&quot;shape_divider_top&quot;:&quot;opacity-tilt&quot;}\">\n\t\t\t\t<div class=\"elementor-shape elementor-shape-top\" aria-hidden=\"true\" data-negative=\"false\">\n\t\t\t<svg xmlns=\"http:\/\/www.w3.org\/2000\/svg\" viewBox=\"0 0 2600 131.1\" preserveAspectRatio=\"none\">\n\t<path class=\"elementor-shape-fill\" d=\"M0 0L2600 0 2600 69.1 0 0z\"\/>\n\t<path class=\"elementor-shape-fill\" style=\"opacity:0.5\" d=\"M0 0L2600 0 2600 69.1 0 69.1z\"\/>\n\t<path class=\"elementor-shape-fill\" style=\"opacity:0.25\" d=\"M2600 0L0 0 0 130.1 2600 69.1z\"\/>\n<\/svg>\t\t<\/div>\n\t\t\t\t<div class=\"elementor-shape elementor-shape-bottom\" aria-hidden=\"true\" data-negative=\"false\">\n\t\t\t<svg xmlns=\"http:\/\/www.w3.org\/2000\/svg\" viewBox=\"0 0 2600 131.1\" preserveAspectRatio=\"none\">\n\t<path class=\"elementor-shape-fill\" d=\"M0 0L2600 0 2600 69.1 0 0z\"\/>\n\t<path class=\"elementor-shape-fill\" style=\"opacity:0.5\" d=\"M0 0L2600 0 2600 69.1 0 69.1z\"\/>\n\t<path class=\"elementor-shape-fill\" style=\"opacity:0.25\" d=\"M2600 0L0 0 0 130.1 2600 69.1z\"\/>\n<\/svg>\t\t<\/div>\n\t\t<div class=\"elementor-element elementor-element-ac9c739 e-con-full e-flex e-con e-child\" data-id=\"ac9c739\" data-element_type=\"container\">\n\t\t<div class=\"elementor-element elementor-element-bd293bf e-con-full animated-slow e-flex elementor-invisible e-con e-child\" data-id=\"bd293bf\" data-element_type=\"container\" data-settings=\"{&quot;background_background&quot;:&quot;classic&quot;,&quot;animation&quot;:&quot;fadeInLeft&quot;}\">\n\t\t\t\t<\/div>\n\t\t<div class=\"elementor-element elementor-element-7677e8c e-con-full e-flex e-con e-child\" data-id=\"7677e8c\" data-element_type=\"container\">\n\t\t\t\t<div class=\"elementor-element elementor-element-c44b001 elementor-widget__width-initial elementor-widget elementor-widget-text-editor\" data-id=\"c44b001\" data-element_type=\"widget\" data-widget_type=\"text-editor.default\">\n\t\t\t\t\t\t\t\t\t<p>La formaci\u00f3n como ADA, con el M\u00e9todo de Huella Emocional\u00ae, me permite sostener tu duelo con respeto, empat\u00eda y compasi\u00f3n. Cada sesi\u00f3n es <em>online<\/em>, dura entre 50 y 60 minutos, y puede realizarse tan solo una o en un <em>pack<\/em> de varias sesiones, siempre ajust\u00e1ndose a tu ritmo y necesidades. No existen tiempos establecidos: cada duelo es \u00fanico y merece vivirse con paciencia y honestidad. Mi compromiso es hablarte con la verdad, ofrecerte herramientas y acompa\u00f1arte con presencia real, para que poco a poco encuentres paz en medio de la ausencia. Porque t\u00fa mereces vivir este proceso desde la serenidad y tu compa\u00f1ero animal merece que su memoria sea honrada desde el amor.<\/p><p><em>\u00a0<\/em><\/p><p style=\"text-align: center;\"><em>Al final del camino todo va a salir bien y, si no ha salido bien, es porque a\u00fan no es el final.<\/em><\/p>\t\t\t\t\t\t\t\t<\/div>\n\t\t<div class=\"elementor-element elementor-element-f604f08 e-con-full e-flex e-con e-child\" data-id=\"f604f08\" data-element_type=\"container\">\n\t\t\t\t<div class=\"elementor-element elementor-element-89e7e37 elementor-align-center elementor-widget elementor-widget-button\" data-id=\"89e7e37\" data-element_type=\"widget\" data-widget_type=\"button.default\">\n\t\t\t\t\t\t\t\t\t\t<a class=\"elementor-button elementor-button-link elementor-size-sm\" href=\"#\">\n\t\t\t\t\t\t<span class=\"elementor-button-content-wrapper\">\n\t\t\t\t\t\t<span class=\"elementor-button-icon\">\n\t\t\t\t<svg aria-hidden=\"true\" class=\"e-font-icon-svg e-fab-paypal\" viewBox=\"0 0 384 512\" xmlns=\"http:\/\/www.w3.org\/2000\/svg\"><path d=\"M111.4 295.9c-3.5 19.2-17.4 108.7-21.5 134-.3 1.8-1 2.5-3 2.5H12.3c-7.6 0-13.1-6.6-12.1-13.9L58.8 46.6c1.5-9.6 10.1-16.9 20-16.9 152.3 0 165.1-3.7 204 11.4 60.1 23.3 65.6 79.5 44 140.3-21.5 62.6-72.5 89.5-140.1 90.3-43.4.7-69.5-7-75.3 24.2zM357.1 152c-1.8-1.3-2.5-1.8-3 1.3-2 11.4-5.1 22.5-8.8 33.6-39.9 113.8-150.5 103.9-204.5 103.9-6.1 0-10.1 3.3-10.9 9.4-22.6 140.4-27.1 169.7-27.1 169.7-1 7.1 3.5 12.9 10.6 12.9h63.5c8.6 0 15.7-6.3 17.4-14.9.7-5.4-1.1 6.1 14.4-91.3 4.6-22 14.3-19.7 29.3-19.7 71 0 126.4-28.8 142.9-112.3 6.5-34.8 4.6-71.4-23.8-92.6z\"><\/path><\/svg>\t\t\t<\/span>\n\t\t\t\t\t\t\t\t\t<span class=\"elementor-button-text\">Servicio<br>XX\u20ac<\/span>\n\t\t\t\t\t<\/span>\n\t\t\t\t\t<\/a>\n\t\t\t\t\t\t\t\t<\/div>\n\t\t\t\t<\/div>\n\t\t\t\t<\/div>\n\t\t\t\t<\/div>\n\t\t\t\t<\/div>\n\t\t\t\t<\/div>\n\t\t<div class=\"elementor-element elementor-element-f48698f e-con-full e-flex e-con e-parent\" data-id=\"f48698f\" data-element_type=\"container\">\n\t\t<div class=\"elementor-element elementor-element-57ea013 e-con-full e-flex e-con e-child\" data-id=\"57ea013\" data-element_type=\"container\" data-settings=\"{&quot;background_background&quot;:&quot;classic&quot;}\">\n\t\t<div class=\"elementor-element elementor-element-31a432b e-con-full e-flex e-con e-child\" data-id=\"31a432b\" data-element_type=\"container\">\n\t\t<div class=\"elementor-element elementor-element-ccd0555 e-con-full e-flex e-con e-child\" data-id=\"ccd0555\" data-element_type=\"container\">\n\t\t\t\t<\/div>\n\t\t<div class=\"elementor-element elementor-element-095c0be e-con-full e-flex e-con e-child\" data-id=\"095c0be\" data-element_type=\"container\">\n\t\t\t\t<div class=\"elementor-element elementor-element-dd1ee43 elementor-widget elementor-widget-image\" data-id=\"dd1ee43\" data-element_type=\"widget\" data-widget_type=\"image.default\">\n\t\t\t\t\t\t\t\t\t\t\t\t\t\t\t<img decoding=\"async\" src=\"https:\/\/plantillasweb.eu\/wp-content\/uploads\/elementor\/thumbs\/Professional_Wordmark_Logo_for_DCA-removebg-preview-rg6uxab31boma7cbrafvmcy1j9smrgbrujjt498kx4.png\" title=\"Professional_Wordmark_Logo_for_DCA-removebg-preview\" alt=\"Professional_Wordmark_Logo_for_DCA-removebg-preview\" loading=\"lazy\" \/>\t\t\t\t\t\t\t\t\t\t\t\t\t\t\t<\/div>\n\t\t\t\t<\/div>\n\t\t<div class=\"elementor-element elementor-element-fecae05 e-con-full e-flex e-con e-child\" data-id=\"fecae05\" data-element_type=\"container\">\n\t\t\t\t<\/div>\n\t\t\t\t<\/div>\n\t\t\t\t<div class=\"elementor-element elementor-element-26d0d80 elementor-widget elementor-widget-text-editor\" data-id=\"26d0d80\" data-element_type=\"widget\" data-widget_type=\"text-editor.default\">\n\t\t\t\t\t\t\t\t\t<p style=\"text-align: center;\"><span style=\"color: #ffffff;\">Todos los derechos reservados Duelo con Alma\u00ae<\/span><\/p>\t\t\t\t\t\t\t\t<\/div>\n\t\t\t\t<div class=\"elementor-element elementor-element-1562719 elementor-widget elementor-widget-text-editor\" data-id=\"1562719\" data-element_type=\"widget\" data-widget_type=\"text-editor.default\">\n\t\t\t\t\t\t\t\t\t<p style=\"text-align: center;\"><span style=\"color: #ffffff;\">Pol\u00edtica de Servicios<\/span><\/p>\t\t\t\t\t\t\t\t<\/div>\n\t\t\t\t<\/div>\n\t\t\t\t<\/div>\n\t\t\t\t<\/div>\n\t\t","protected":false},"excerpt":{"rendered":"<p>ACOMPA\u00d1ANTE EN EL DUELO ANIMAL ACOMPA\u00d1ANTEEN EL DUELOANIMAL Perder a un compa\u00f1ero animal es una de las experiencias m\u00e1s dolorosas que podemos experimentar. Muchas veces, el entorno no entiende la magnitud de ese v\u00ednculo, y la persona que lo sufre queda en soledad, con un dolor que parece no tener salida. Lo s\u00e9 porque lo &#8230; <a title=\"Plantilla Liliana Servicio\" class=\"read-more\" href=\"https:\/\/plantillasweb.eu\/index.php\/plantilla-liliana-servicio\/\" aria-label=\"Leer m\u00e1s sobre Plantilla Liliana Servicio\">Leer m\u00e1s<\/a><\/p>\n","protected":false},"author":1,"featured_media":0,"parent":0,"menu_order":0,"comment_status":"closed","ping_status":"closed","template":"elementor_canvas","meta":{"footnotes":""},"class_list":["post-749","page","type-page","status-publish"],"_links":{"self":[{"href":"https:\/\/plantillasweb.eu\/index.php\/wp-json\/wp\/v2\/pages\/749","targetHints":{"allow":["GET"]}}],"collection":[{"href":"https:\/\/plantillasweb.eu\/index.php\/wp-json\/wp\/v2\/pages"}],"about":[{"href":"https:\/\/plantillasweb.eu\/index.php\/wp-json\/wp\/v2\/types\/page"}],"author":[{"embeddable":true,"href":"https:\/\/plantillasweb.eu\/index.php\/wp-json\/wp\/v2\/users\/1"}],"replies":[{"embeddable":true,"href":"https:\/\/plantillasweb.eu\/index.php\/wp-json\/wp\/v2\/comments?post=749"}],"version-history":[{"count":10,"href":"https:\/\/plantillasweb.eu\/index.php\/wp-json\/wp\/v2\/pages\/749\/revisions"}],"predecessor-version":[{"id":759,"href":"https:\/\/plantillasweb.eu\/index.php\/wp-json\/wp\/v2\/pages\/749\/revisions\/759"}],"wp:attachment":[{"href":"https:\/\/plantillasweb.eu\/index.php\/wp-json\/wp\/v2\/media?parent=749"}],"curies":[{"name":"wp","href":"https:\/\/api.w.org\/{rel}","templated":true}]}}